{"id":21,"date":"2017-08-22T16:49:49","date_gmt":"2017-08-22T16:49:49","guid":{"rendered":"http:\/\/www.ajedrezreverte.com\/rm\/?page_id=21"},"modified":"2017-08-23T18:30:50","modified_gmt":"2017-08-23T18:30:50","slug":"campeonato-de-espana-de-clubes","status":"publish","type":"page","link":"http:\/\/www.ajedrezreverte.com\/rm\/campeonato-de-espana-de-clubes\/","title":{"rendered":"Campeonato de Espa\u00f1a de Clubes"},"content":{"rendered":"<p>As\u00ed nos cuenta el capit\u00e1n Francisco Galindo la participaci\u00f3n del equipo Revert\u00e9 Minerals en los <a href=\"https:\/\/info64.org\/team\/ceclub-2a-division\/reverte-minerals\" target=\"_blank\" rel=\"noopener\">Campeonatos de Espa\u00f1a por Equipos 2017<\/a>:<\/p>\n<p>Termina nuestra participaci\u00f3n en los campeonatos de Espa\u00f1a de Linares 2017.<br \/>\nContentos con la clasificaci\u00f3n final del equipo 19 mejorando en 7 puestos el ranking inicial.<br \/>\nContentos por haber jugado en la zona alta del torneo hasta la ultima ronda<br \/>\nContentos por que si nos hubiera acompa\u00f1ado la suerte en alguna partida hubi\u00e9ramos estado mas alto.<br \/>\nContento por el buen ambiente del primero al ultimo d\u00eda.<span class=\"text_exposed_show\"><br \/>\nContento por que todos los componentes del equipo suben ELO<br \/>\nen particular nuestra compa\u00f1era Ana Redondo, 110 puntos nada menos.<\/span><\/p>\n<div class=\"text_exposed_show\">\n<p>Por todo ello agradecer al patrocinador Reverte Minerals SA, y al Patronato Municipal de Deportes de Almeria (PMD) su apoyo en competiciones, y a los jugadores por su implicaci\u00f3n en el equipo, Sois Grandes<\/p>\n<p>El a\u00f1o que viene mas pero no mejor.<\/p>\n<\/div>\n<table width=\"861\">\n<tbody>\n<tr>\n<td width=\"49\">M.<\/td>\n<td width=\"63\">T\u00edt.<\/td>\n<td width=\"245\">Nombre<\/td>\n<td width=\"63\">Fed.<\/td>\n<td width=\"63\">FIDE<\/td>\n<td width=\"63\">Nac.<\/td>\n<td width=\"77\">F.Nac.<\/td>\n<td width=\"91\">FIDE ID<\/td>\n<td width=\"84\">ID Nac.<\/td>\n<td width=\"63\">Pts.<\/td>\n<\/tr>\n<tr>\n<td>1<\/td>\n<td><\/td>\n<td>Galindo Rodriguez, Francisco<\/td>\n<td>ESP<\/td>\n<td>2199<\/td>\n<td>2181<\/td>\n<td>1971<\/td>\n<td>2220636<\/td>\n<td>1009<\/td>\n<td>1,5<\/td>\n<\/tr>\n<tr>\n<td>2<\/td>\n<td><\/td>\n<td>Ortiz Aviles, Javier<\/td>\n<td>ESP<\/td>\n<td>2138<\/td>\n<td>2131<\/td>\n<td>1983<\/td>\n<td>22202870<\/td>\n<td>14412<\/td>\n<td>1,5<\/td>\n<\/tr>\n<tr>\n<td>3<\/td>\n<td><\/td>\n<td>Arboledas Fernandez, Antonio A<\/td>\n<td>ESP<\/td>\n<td>2104<\/td>\n<td>2094<\/td>\n<td>1990<\/td>\n<td>2290219<\/td>\n<td>14709<\/td>\n<td>3<\/td>\n<\/tr>\n<tr>\n<td>4<\/td>\n<td><\/td>\n<td>Rubio Tapia, Jose Juan<\/td>\n<td>ESP<\/td>\n<td>2074<\/td>\n<td>2073<\/td>\n<td>1964<\/td>\n<td>2203367<\/td>\n<td>672<\/td>\n<td>3<\/td>\n<\/tr>\n<tr>\n<td>5<\/td>\n<td>WFM<\/td>\n<td>Redondo Benavente, Ana<\/td>\n<td>ESP<\/td>\n<td>2022<\/td>\n<td>2009<\/td>\n<td>2001<\/td>\n<td>32021674<\/td>\n<td>26768<\/td>\n<td>5,0<\/td>\n<\/tr>\n<tr>\n<td>7<\/td>\n<td><\/td>\n<td>Uroz Torres, David<\/td>\n<td>ESP<\/td>\n<td>1991<\/td>\n<td>1991<\/td>\n<td>1981<\/td>\n<td>2227940<\/td>\n<td>12501<\/td>\n<td>1<\/td>\n<\/tr>\n<tr>\n<td>8<\/td>\n<td><\/td>\n<td>Capel Fernandez, Manuel<\/td>\n<td>ESP<\/td>\n<td>1969<\/td>\n<td>1930<\/td>\n<td>1977<\/td>\n<td>2272210<\/td>\n<td>20743<\/td>\n<td>0,5<\/td>\n<\/tr>\n<\/tbody>\n<\/table>\n<div id=\"attachment_120\" style=\"width: 310px\" class=\"wp-caption aligncenter\"><img aria-describedby=\"caption-attachment-120\" loading=\"lazy\" class=\"wp-image-120 size-medium\" src=\"http:\/\/www.ajedrezreverte.com\/rm\/wp-content\/uploads\/2017\/08\/ceclub_17_galindo-300x200.jpg\" alt=\"\" width=\"300\" height=\"200\" srcset=\"http:\/\/www.ajedrezreverte.com\/rm\/wp-content\/uploads\/2017\/08\/ceclub_17_galindo-300x200.jpg 300w, http:\/\/www.ajedrezreverte.com\/rm\/wp-content\/uploads\/2017\/08\/ceclub_17_galindo-768x512.jpg 768w, http:\/\/www.ajedrezreverte.com\/rm\/wp-content\/uploads\/2017\/08\/ceclub_17_galindo.jpg 960w\" sizes=\"(max-width: 300px) 100vw, 300px\" \/><p id=\"caption-attachment-120\" class=\"wp-caption-text\">Galindo Rodriguez, Francisco<\/p><\/div>\n<div id=\"attachment_121\" style=\"width: 310px\" class=\"wp-caption aligncenter\"><img aria-describedby=\"caption-attachment-121\" loading=\"lazy\" class=\"wp-image-121 size-medium\" src=\"http:\/\/www.ajedrezreverte.com\/rm\/wp-content\/uploads\/2017\/08\/ceclub_17_ortiz-300x200.jpg\" alt=\"\" width=\"300\" height=\"200\" srcset=\"http:\/\/www.ajedrezreverte.com\/rm\/wp-content\/uploads\/2017\/08\/ceclub_17_ortiz-300x200.jpg 300w, http:\/\/www.ajedrezreverte.com\/rm\/wp-content\/uploads\/2017\/08\/ceclub_17_ortiz-768x512.jpg 768w, http:\/\/www.ajedrezreverte.com\/rm\/wp-content\/uploads\/2017\/08\/ceclub_17_ortiz.jpg 960w\" sizes=\"(max-width: 300px) 100vw, 300px\" \/><p id=\"caption-attachment-121\" class=\"wp-caption-text\">Ortiz Aviles, Javier<\/p><\/div>\n<div id=\"attachment_118\" style=\"width: 310px\" class=\"wp-caption aligncenter\"><img aria-describedby=\"caption-attachment-118\" loading=\"lazy\" class=\"wp-image-118 size-medium\" src=\"http:\/\/www.ajedrezreverte.com\/rm\/wp-content\/uploads\/2017\/08\/ceclub_17_arboledas-300x200.jpg\" alt=\"\" width=\"300\" height=\"200\" srcset=\"http:\/\/www.ajedrezreverte.com\/rm\/wp-content\/uploads\/2017\/08\/ceclub_17_arboledas-300x200.jpg 300w, http:\/\/www.ajedrezreverte.com\/rm\/wp-content\/uploads\/2017\/08\/ceclub_17_arboledas-768x512.jpg 768w, http:\/\/www.ajedrezreverte.com\/rm\/wp-content\/uploads\/2017\/08\/ceclub_17_arboledas.jpg 960w\" sizes=\"(max-width: 300px) 100vw, 300px\" \/><p id=\"caption-attachment-118\" class=\"wp-caption-text\">Arboledas Fernandez, Antonio A<\/p><\/div>\n<div id=\"attachment_28\" style=\"width: 310px\" class=\"wp-caption aligncenter\"><img aria-describedby=\"caption-attachment-28\" loading=\"lazy\" class=\"wp-image-28 size-medium\" src=\"http:\/\/www.ajedrezreverte.com\/rm\/wp-content\/uploads\/2017\/08\/ceclub_17_rubio-300x200.jpg\" alt=\"\" width=\"300\" height=\"200\" srcset=\"http:\/\/www.ajedrezreverte.com\/rm\/wp-content\/uploads\/2017\/08\/ceclub_17_rubio-300x200.jpg 300w, http:\/\/www.ajedrezreverte.com\/rm\/wp-content\/uploads\/2017\/08\/ceclub_17_rubio-768x512.jpg 768w, http:\/\/www.ajedrezreverte.com\/rm\/wp-content\/uploads\/2017\/08\/ceclub_17_rubio.jpg 960w\" sizes=\"(max-width: 300px) 100vw, 300px\" \/><p id=\"caption-attachment-28\" class=\"wp-caption-text\">Rubio Tapia, Jose Juan<\/p><\/div>\n<div id=\"attachment_25\" style=\"width: 310px\" class=\"wp-caption aligncenter\"><img aria-describedby=\"caption-attachment-25\" loading=\"lazy\" class=\"wp-image-25 size-medium\" src=\"http:\/\/www.ajedrezreverte.com\/rm\/wp-content\/uploads\/2017\/08\/ceclub_17_ana-300x200.jpg\" alt=\"\" width=\"300\" height=\"200\" srcset=\"http:\/\/www.ajedrezreverte.com\/rm\/wp-content\/uploads\/2017\/08\/ceclub_17_ana-300x200.jpg 300w, http:\/\/www.ajedrezreverte.com\/rm\/wp-content\/uploads\/2017\/08\/ceclub_17_ana-768x512.jpg 768w, http:\/\/www.ajedrezreverte.com\/rm\/wp-content\/uploads\/2017\/08\/ceclub_17_ana.jpg 960w\" sizes=\"(max-width: 300px) 100vw, 300px\" \/><p id=\"caption-attachment-25\" class=\"wp-caption-text\">Redondo Benavente, Ana<\/p><\/div>\n<div id=\"attachment_122\" style=\"width: 310px\" class=\"wp-caption aligncenter\"><img aria-describedby=\"caption-attachment-122\" loading=\"lazy\" class=\"wp-image-122 size-medium\" src=\"http:\/\/www.ajedrezreverte.com\/rm\/wp-content\/uploads\/2017\/08\/ceclub_17_uroz-300x200.jpg\" alt=\"\" width=\"300\" height=\"200\" srcset=\"http:\/\/www.ajedrezreverte.com\/rm\/wp-content\/uploads\/2017\/08\/ceclub_17_uroz-300x200.jpg 300w, http:\/\/www.ajedrezreverte.com\/rm\/wp-content\/uploads\/2017\/08\/ceclub_17_uroz-768x512.jpg 768w, http:\/\/www.ajedrezreverte.com\/rm\/wp-content\/uploads\/2017\/08\/ceclub_17_uroz.jpg 960w\" sizes=\"(max-width: 300px) 100vw, 300px\" \/><p id=\"caption-attachment-122\" class=\"wp-caption-text\">Uroz Torres, David<\/p><\/div>\n<div id=\"attachment_119\" style=\"width: 310px\" class=\"wp-caption aligncenter\"><img aria-describedby=\"caption-attachment-119\" loading=\"lazy\" class=\"wp-image-119 size-medium\" src=\"http:\/\/www.ajedrezreverte.com\/rm\/wp-content\/uploads\/2017\/08\/ceclub_17_capel-300x200.jpg\" alt=\"\" width=\"300\" height=\"200\" srcset=\"http:\/\/www.ajedrezreverte.com\/rm\/wp-content\/uploads\/2017\/08\/ceclub_17_capel-300x200.jpg 300w, http:\/\/www.ajedrezreverte.com\/rm\/wp-content\/uploads\/2017\/08\/ceclub_17_capel-768x512.jpg 768w, http:\/\/www.ajedrezreverte.com\/rm\/wp-content\/uploads\/2017\/08\/ceclub_17_capel.jpg 960w\" sizes=\"(max-width: 300px) 100vw, 300px\" \/><p id=\"caption-attachment-119\" class=\"wp-caption-text\">Capel Fernandez, Manuel<\/p><\/div>\n","protected":false},"excerpt":{"rendered":"<p>As\u00ed nos cuenta el capit\u00e1n Francisco Galindo la participaci\u00f3n del equipo Revert\u00e9 Minerals en los Campeonatos de Espa\u00f1a por Equipos 2017: Termina nuestra participaci\u00f3n en los campeonatos de Espa\u00f1a de Linares 2017. Contentos con la clasificaci\u00f3n final del equipo 19 mejorando en 7 puestos el ranking inicial. Contentos por haber jugado en la zona alta <a class=\"more-link\" href=\"http:\/\/www.ajedrezreverte.com\/rm\/campeonato-de-espana-de-clubes\/\">Leer M\u00e1s &#8230;<\/a><\/p>\n","protected":false},"author":1,"featured_media":22,"parent":0,"menu_order":0,"comment_status":"closed","ping_status":"closed","template":"","meta":{"_monsterinsights_skip_tracking":false,"_monsterinsights_sitenote_active":false,"_monsterinsights_sitenote_note":"","_monsterinsights_sitenote_category":0,"_links_to":"","_links_to_target":""},"_links":{"self":[{"href":"http:\/\/www.ajedrezreverte.com\/rm\/wp-json\/wp\/v2\/pages\/21"}],"collection":[{"href":"http:\/\/www.ajedrezreverte.com\/rm\/wp-json\/wp\/v2\/pages"}],"about":[{"href":"http:\/\/www.ajedrezreverte.com\/rm\/wp-json\/wp\/v2\/types\/page"}],"author":[{"embeddable":true,"href":"http:\/\/www.ajedrezreverte.com\/rm\/wp-json\/wp\/v2\/users\/1"}],"replies":[{"embeddable":true,"href":"http:\/\/www.ajedrezreverte.com\/rm\/wp-json\/wp\/v2\/comments?post=21"}],"version-history":[{"count":5,"href":"http:\/\/www.ajedrezreverte.com\/rm\/wp-json\/wp\/v2\/pages\/21\/revisions"}],"predecessor-version":[{"id":123,"href":"http:\/\/www.ajedrezreverte.com\/rm\/wp-json\/wp\/v2\/pages\/21\/revisions\/123"}],"wp:featuredmedia":[{"embeddable":true,"href":"http:\/\/www.ajedrezreverte.com\/rm\/wp-json\/wp\/v2\/media\/22"}],"wp:attachment":[{"href":"http:\/\/www.ajedrezreverte.com\/rm\/wp-json\/wp\/v2\/media?parent=21"}],"curies":[{"name":"wp","href":"https:\/\/api.w.org\/{rel}","templated":true}]}}