{"id":24,"date":"2017-08-22T16:50:45","date_gmt":"2017-08-22T16:50:45","guid":{"rendered":"http:\/\/www.ajedrezreverte.com\/rm\/?page_id=24"},"modified":"2017-08-23T08:05:51","modified_gmt":"2017-08-23T08:05:51","slug":"ana-redondo-benavente-campeona-de-espana-sub-18","status":"publish","type":"page","link":"http:\/\/www.ajedrezreverte.com\/rm\/ana-redondo-benavente-campeona-de-espana-sub-18\/","title":{"rendered":"Ana Redondo Benavente Campeona de Espa\u00f1a Sub-18"},"content":{"rendered":"<p dir=\"ltr\">As\u00ed nos cuenta Ana Redondo Benavente su triunfo en los <a href=\"https:\/\/info64.org\/ce-sub-18-2017\" target=\"_blank\" rel=\"noopener\">Campeonatos de Espa\u00f1a 2017<\/a>:<\/p>\n<p dir=\"ltr\">Los campeonatos de Espa\u00f1a siempre han sido un reto para m\u00ed, son momentos de mucha intensidad y emoci\u00f3n, pero debo reconocer que este lugar para mi significa mucho. Se unen mi pasi\u00f3n por el ajedrez y el encuentro con muchos amigos.<\/p>\n<p dir=\"ltr\">En el campeonato sub 16, al principio estaba algo nerviosa, pero poco a poco me acostumbre al ambiente. Hubo algunas partidas normales, otras intensas y algunas que duraron hasta cuatro horas y media. La \u00faltima partida era la m\u00e1s importante porque muchos jugadores ten\u00edamos opciones a p\u00f3dium y todo estaba por decidir. Mi \u00faltima partida fue muy interesante ya que jugaba con negras y era un rival muy duro. Finalmente me qued\u00e9 segunda, por el desempate.<\/p>\n<p dir=\"ltr\">Despu\u00e9s vino el campeonato sub 18, la verdad es que estaba mucho m\u00e1s relajada porque no era mi categor\u00eda, aunque los rivales eran m\u00e1s duros ya que hab\u00eda jugadores que ten\u00edan poco Elo pero que jugaban muy bien. Fuera de las partidas hab\u00eda un buen ambiente, y tanto Carlos Matamoros en sub 16 como Ismael Ter\u00e1n en sub 18 hicieron una gran labor y nos dieron apoyo en todo momento.<\/p>\n<p dir=\"ltr\">Finalmente qued\u00e9 campeona en el sub 18, y me puse muy contenta porque puedo ir a jugar el europeo que ser\u00e1 en Rumania. \u00a1A ver si hay suerte!<\/p>\n","protected":false},"excerpt":{"rendered":"<p>As\u00ed nos cuenta Ana Redondo Benavente su triunfo en los Campeonatos de Espa\u00f1a 2017: Los campeonatos de Espa\u00f1a siempre han sido un reto para m\u00ed, son momentos de mucha intensidad y emoci\u00f3n, pero debo reconocer que este lugar para mi significa mucho. Se unen mi pasi\u00f3n por el ajedrez y el encuentro con muchos amigos. <a class=\"more-link\" href=\"http:\/\/www.ajedrezreverte.com\/rm\/ana-redondo-benavente-campeona-de-espana-sub-18\/\">Leer M\u00e1s &#8230;<\/a><\/p>\n","protected":false},"author":1,"featured_media":25,"parent":0,"menu_order":0,"comment_status":"closed","ping_status":"closed","template":"","meta":{"_monsterinsights_skip_tracking":false,"_monsterinsights_sitenote_active":false,"_monsterinsights_sitenote_note":"","_monsterinsights_sitenote_category":0,"_links_to":"","_links_to_target":""},"_links":{"self":[{"href":"http:\/\/www.ajedrezreverte.com\/rm\/wp-json\/wp\/v2\/pages\/24"}],"collection":[{"href":"http:\/\/www.ajedrezreverte.com\/rm\/wp-json\/wp\/v2\/pages"}],"about":[{"href":"http:\/\/www.ajedrezreverte.com\/rm\/wp-json\/wp\/v2\/types\/page"}],"author":[{"embeddable":true,"href":"http:\/\/www.ajedrezreverte.com\/rm\/wp-json\/wp\/v2\/users\/1"}],"replies":[{"embeddable":true,"href":"http:\/\/www.ajedrezreverte.com\/rm\/wp-json\/wp\/v2\/comments?post=24"}],"version-history":[{"count":3,"href":"http:\/\/www.ajedrezreverte.com\/rm\/wp-json\/wp\/v2\/pages\/24\/revisions"}],"predecessor-version":[{"id":60,"href":"http:\/\/www.ajedrezreverte.com\/rm\/wp-json\/wp\/v2\/pages\/24\/revisions\/60"}],"wp:featuredmedia":[{"embeddable":true,"href":"http:\/\/www.ajedrezreverte.com\/rm\/wp-json\/wp\/v2\/media\/25"}],"wp:attachment":[{"href":"http:\/\/www.ajedrezreverte.com\/rm\/wp-json\/wp\/v2\/media?parent=24"}],"curies":[{"name":"wp","href":"https:\/\/api.w.org\/{rel}","templated":true}]}}