{"id":27,"date":"2017-08-22T16:51:59","date_gmt":"2017-08-22T16:51:59","guid":{"rendered":"http:\/\/www.ajedrezreverte.com\/rm\/?page_id=27"},"modified":"2017-08-23T08:38:54","modified_gmt":"2017-08-23T08:38:54","slug":"clases-por-el-maestro-jose-juan-rubio-tapia","status":"publish","type":"page","link":"http:\/\/www.ajedrezreverte.com\/rm\/clases-por-el-maestro-jose-juan-rubio-tapia\/","title":{"rendered":"Clases por el Maestro Jos\u00e9 Juan Rubio Tapia"},"content":{"rendered":"<p>Los jugadores &#8211; monitores del Club Ajedrez Revert\u00e9 Minerals est\u00e1n realizando una extraordinaria labor de divulgaci\u00f3n del ajedrez en la Comarca del Almanzora almeriense. En distintos municipios se est\u00e1n impartiendo clases de ajedrez, en la actualidad hay m\u00e1s de 170 alumnos.<\/p>\n<table style=\"border-collapse: collapse; width: 458px; height: 629px;\" border=\"0\" width=\"192\" frame=\"VOID\" rules=\"NONE\" cellspacing=\"0\" cellpadding=\"0\">\n<colgroup>\n<col style=\"width: 48pt;\" span=\"3\" width=\"64\" \/> <\/colgroup>\n<tbody>\n<tr style=\"height: 15.0pt;\">\n<td style=\"height: 15pt; width: 48pt; text-align: center;\" width=\"64\" height=\"20\">LUGAR<\/td>\n<td style=\"width: 48pt;\" width=\"64\">D\u00cdAS<\/td>\n<td style=\"width: 48pt;\" width=\"64\">HORARIO<\/td>\n<\/tr>\n<tr style=\"height: 15.0pt;\">\n<td style=\"height: 15.0pt;\" height=\"20\">Colegio Valdeserra (Vera)<\/td>\n<td>Lunes y Jueves<\/td>\n<td>13:30-14:45<\/td>\n<\/tr>\n<tr style=\"height: 15.0pt;\">\n<td style=\"height: 15.0pt;\" height=\"20\">Zurgena<\/td>\n<td>Lunes<\/td>\n<td>16:15-17:45<\/td>\n<\/tr>\n<tr style=\"height: 15.0pt;\">\n<td style=\"height: 15.0pt;\" height=\"20\">Cuevas del Almanzora<\/td>\n<td>Lunes<\/td>\n<td>18:30-20:00<\/td>\n<\/tr>\n<tr style=\"height: 15.0pt;\">\n<td style=\"height: 15.0pt;\" height=\"20\">Ser\u00f3n (adultos)<\/td>\n<td>Martes<\/td>\n<td>11:00-12:30<\/td>\n<\/tr>\n<tr style=\"height: 15.0pt;\">\n<td style=\"height: 15.0pt;\" height=\"20\">Ser\u00f3n<\/td>\n<td>Martes<\/td>\n<td>16:00-17:30<\/td>\n<\/tr>\n<tr style=\"height: 15.0pt;\">\n<td style=\"height: 15.0pt;\" height=\"20\">Caniles<\/td>\n<td>Martes<\/td>\n<td>18:30-20:00<\/td>\n<\/tr>\n<tr style=\"height: 15.0pt;\">\n<td style=\"height: 15.0pt;\" height=\"20\">Macael<\/td>\n<td>Mi\u00e9rcoles<\/td>\n<td>16:30-18:00<\/td>\n<\/tr>\n<tr style=\"height: 15.0pt;\">\n<td style=\"height: 15.0pt;\" height=\"20\">Purchena<\/td>\n<td>Mi\u00e9rcoles<\/td>\n<td>18:30-20:00<\/td>\n<\/tr>\n<tr style=\"height: 15.0pt;\">\n<td style=\"height: 15.0pt;\" height=\"20\">Moj\u00e1car (pr\u00f3ximamente)<\/td>\n<td>Jueves<\/td>\n<td>16:00-17:30<\/td>\n<\/tr>\n<tr style=\"height: 15.0pt;\">\n<td style=\"height: 15.0pt;\" height=\"20\">Garrucha<\/td>\n<td>Jueves<\/td>\n<td>18:00-20:00<\/td>\n<\/tr>\n<tr style=\"height: 15.0pt;\">\n<td style=\"height: 15.0pt;\" height=\"20\">Fines<\/td>\n<td>Viernes<\/td>\n<td>16:00-18:00<\/td>\n<\/tr>\n<tr style=\"height: 15.0pt;\">\n<td style=\"height: 15.0pt;\" height=\"20\">Vera<\/td>\n<td>S\u00e1bado<\/td>\n<td>11:00-13:00<\/td>\n<\/tr>\n<tr style=\"height: 15.0pt;\">\n<td style=\"height: 15.0pt;\" height=\"20\">Hu\u00e9rcal Overa<\/td>\n<td>Martes y Jueves<\/td>\n<td>18:00-19:30<\/td>\n<\/tr>\n<\/tbody>\n<\/table>\n<p>Para m\u00e1s informaci\u00f3n pueden <a href=\"http:\/\/www.ajedrezreverte.com\/rm\/contacto\/\">contactar con el Club<\/a>.<\/p>\n","protected":false},"excerpt":{"rendered":"<p>Los jugadores &#8211; monitores del Club Ajedrez Revert\u00e9 Minerals est\u00e1n realizando una extraordinaria labor de divulgaci\u00f3n del ajedrez en la Comarca del Almanzora almeriense. En distintos municipios se est\u00e1n impartiendo clases de ajedrez, en la actualidad hay m\u00e1s de 170 alumnos. LUGAR D\u00cdAS HORARIO Colegio Valdeserra (Vera) Lunes y Jueves 13:30-14:45 Zurgena Lunes 16:15-17:45 Cuevas <a class=\"more-link\" href=\"http:\/\/www.ajedrezreverte.com\/rm\/clases-por-el-maestro-jose-juan-rubio-tapia\/\">Leer M\u00e1s &#8230;<\/a><\/p>\n","protected":false},"author":1,"featured_media":28,"parent":0,"menu_order":0,"comment_status":"closed","ping_status":"closed","template":"","meta":{"_monsterinsights_skip_tracking":false,"_monsterinsights_sitenote_active":false,"_monsterinsights_sitenote_note":"","_monsterinsights_sitenote_category":0,"_links_to":"","_links_to_target":""},"_links":{"self":[{"href":"http:\/\/www.ajedrezreverte.com\/rm\/wp-json\/wp\/v2\/pages\/27"}],"collection":[{"href":"http:\/\/www.ajedrezreverte.com\/rm\/wp-json\/wp\/v2\/pages"}],"about":[{"href":"http:\/\/www.ajedrezreverte.com\/rm\/wp-json\/wp\/v2\/types\/page"}],"author":[{"embeddable":true,"href":"http:\/\/www.ajedrezreverte.com\/rm\/wp-json\/wp\/v2\/users\/1"}],"replies":[{"embeddable":true,"href":"http:\/\/www.ajedrezreverte.com\/rm\/wp-json\/wp\/v2\/comments?post=27"}],"version-history":[{"count":5,"href":"http:\/\/www.ajedrezreverte.com\/rm\/wp-json\/wp\/v2\/pages\/27\/revisions"}],"predecessor-version":[{"id":85,"href":"http:\/\/www.ajedrezreverte.com\/rm\/wp-json\/wp\/v2\/pages\/27\/revisions\/85"}],"wp:featuredmedia":[{"embeddable":true,"href":"http:\/\/www.ajedrezreverte.com\/rm\/wp-json\/wp\/v2\/media\/28"}],"wp:attachment":[{"href":"http:\/\/www.ajedrezreverte.com\/rm\/wp-json\/wp\/v2\/media?parent=27"}],"curies":[{"name":"wp","href":"https:\/\/api.w.org\/{rel}","templated":true}]}}