{"id":286,"date":"2020-10-10T16:27:13","date_gmt":"2020-10-10T16:27:13","guid":{"rendered":"http:\/\/www.ajedrezreverte.com\/rm\/?page_id=286"},"modified":"2020-10-30T15:35:45","modified_gmt":"2020-10-30T15:35:45","slug":"festival-de-ajedrez-juan-martinez-sola-online-2020","status":"publish","type":"page","link":"http:\/\/www.ajedrezreverte.com\/rm\/festival-de-ajedrez-juan-martinez-sola-online-2020\/","title":{"rendered":"Festival de Ajedrez Juan Mart\u00ednez Sola Online 2020"},"content":{"rendered":"<p><iframe loading=\"lazy\" src=\"https:\/\/www.youtube-nocookie.com\/embed\/BFRrL11nV4M\" width=\"560\" height=\"315\" frameborder=\"0\" allowfullscreen=\"allowfullscreen\"><\/iframe><br \/>\nSigue la final el s\u00e1bado 31 de octubre a las 16:00 (CET, hora Madrid) en <a href=\"https:\/\/chess24.com\/es\/live\/video\/festivaljuan-martinez-sola\" target=\"_blank\" rel=\"noopener\">chess24<\/a> y <a href=\"https:\/\/www.youtube.com\/watch?v=BFRrL11nV4M\" target=\"_blank\" rel=\"noopener\">YouTube<\/a>. | <span class=\"tlid-translation translation\" lang=\"en\"><span class=\"\" title=\"\">Follow the final on Saturday, October 31 at 4:00 p.m. (CET, Madrid time) on <a href=\"https:\/\/chess24.com\/es\/live\/video\/festivaljuan-martinez-sola\" target=\"_blank\" rel=\"noopener\">chess24<\/a> y <a href=\"https:\/\/www.youtube.com\/watch?v=BFRrL11nV4M\" target=\"_blank\" rel=\"noopener\">YouTube<\/a>.<\/span><\/span><\/p>\n<p>(see English version below) El Club de Ajedrez Revert\u00e9 Minerals, debido a la aparici\u00f3n de la pandemia ocasionada por el COVID-19, organiza el Festival de Ajedrez Juan Mart\u00ednez Sola Online 2020.<\/p>\n<h2>1.\u00a0\u00a0\u00a0 SISTEMA Y RITMO DE JUEGO<\/h2>\n<h3>1.1\u00a0 Fase Final<\/h3>\n<p>Eliminatorias de 8 jugadores.<\/p>\n<p>Cuartos, semifinales, y final: match a 4 partidas (gana quien llegue a 2,5 puntos). El ritmo juego ser\u00e1 de 3\u2019+2\u201d.<\/p>\n<p>En caso de empate en alg\u00fan match, se jugar\u00e1 una partida Armaged\u00f3n (Blanco 5 &#8216; vs Negro 4&#8217; &#8211; sin incremento). El ganador de esta partida (o las negras, en caso de empate) ser\u00e1 el ganador del match.<\/p>\n<p>El ranking inicial se har\u00e1 teniendo en cuenta el ELO Fide cl\u00e1sico de los\/as jugadores\/as de octubre 2020. Los emparejamientos para las eliminatorias ser\u00e1n: A: 1 \u00b0 contra 8 \u00b0, B: 2 \u00b0 contra 7 \u00b0, C: 3 \u00b0 contra 6 \u00b0, D: 4\u00ba contra 5\u00ba, luego A contra D, B contra C.<\/p>\n<p>Esta fase final del campeonato se jugar\u00e1 a trav\u00e9s de la plataforma de juego chess24. Comentarios en directo en chess24. Todos los jugadores deber\u00e1n tener una c\u00e1mara web con la que se conectar\u00e1n a la plataforma Zoom durante la partida. Adem\u00e1s, compartir\u00e1n la pantalla de su ordenador donde solo podr\u00e1n tener abierta la zona de juego. El equipo de chess24 se encargar\u00e1 del control anti-trampas.<\/p>\n<h3>1.2\u00a0 Fase Previa<\/h3>\n<p>Sistema Suizo a 11 rondas. El ritmo juego ser\u00e1 de 3\u2019+2\u201d. No se admitir\u00e1n reclamaciones por emparejamiento o desempate calculado por lichess, ni se cambiar\u00e1n resultados guardados por lichess.<\/p>\n<p>El Campeonato se jugar\u00e1 a trav\u00e9s de la plataforma de juego lichess.<\/p>\n<p>Los cuatros primeros clasificados de la fase previa podr\u00e1n jugar la fase final. En caso de rechazo por parte de los jugadores o sospecha de trampas, se seguir\u00e1 por orden en la clasificaci\u00f3n para cubrir las plazas para la fase final.<\/p>\n<p>&nbsp;<\/p>\n<h2>2.\u00a0\u00a0\u00a0 PARTICIPACI\u00d3N DE JUGADORAS Y JUGADORES<\/h2>\n<h3>2.1\u00a0 Fase Final<\/h3>\n<p>Participar\u00e1n 8 ajedrecistas:<\/p>\n<ul>\n<li>4 ajedrecistas invitados, que han jugado en el Club de Ajedrez Revert\u00e9 o que designa chess24:\n<ul>\n<li>GM Malakhov, Vladimir (RUS), 2667 Elo FIDE<\/li>\n<li>GM Movsesian, Sergei (ARM), 2647 Elo FIDE<\/li>\n<li>GM Pichot, Alan (ARG), 2630 Elo FIDE<\/li>\n<li>GM Ibarra Jerez, Jose Carlos (ESP), 2561 Elo FIDE<\/li>\n<\/ul>\n<\/li>\n<li>Los 4 mejores ajedrecistas clasificados en la fase previa que cumplan los requisitos (ver sistema de juego arriba).<\/li>\n<\/ul>\n<h3>2.2\u00a0 Fase Previa<\/h3>\n<p>Ser\u00e1 un torneo abierto, en el que los jugadores tendr\u00e1n que revelar su identidad en el formulario de inscripci\u00f3n con los siguientes datos: id FIDE, cuenta usada en la plataforma lichess, e-mail.<\/p>\n<p>Los jugadores con su inscripci\u00f3n aceptan colaborar con el equipo anti-trampas en las siguientes actividades. Antes del torneo, los jugadores podr\u00e1n recibir instrucciones para conectarse en una sala online (e.g., Google meet) con su c\u00e1mara web durante la partida. Antes de cada ronda, el equipo anti-trampas se podr\u00e1 poner en contacto con jugadores a trav\u00e9s del e-mail dado en el registro y\/o por mensaje en lichess. Dicho contacto se realizar\u00e1 de manera aleatoria y\/o en las primeras mesas. En tal caso, los jugadores deber\u00e1n conectarse a la sala online con su c\u00e1mara web durante la partida. Adem\u00e1s, compartir\u00e1n la pantalla de su ordenador donde solo podr\u00e1n tener abierta la zona de juego. Si los jugadores no colaboran en esta tarea, o el servidor de lichess indica un comportamiento sospechoso, pueden perder el derecho a jugar la fase final en caso de clasificarse.<\/p>\n<p>La inscripci\u00f3n al torneo es gratuita para todos los\/as jugadores\/as. Para inscribirse son necesarios tres pasos:<\/p>\n<ol>\n<li><a href=\"https:\/\/forms.gle\/zrwj3SRuLZbbEE3R8\" target=\"_blank\" rel=\"noopener\">Rellenar el formulario de inscripci\u00f3n<\/a>: https:\/\/forms.gle\/zrwj3SRuLZbbEE3R8<\/li>\n<li><a href=\"https:\/\/lichess.org\/team\/festival-de-ajedrez-juan-martinez-sola-online\" target=\"_blank\" rel=\"noopener\">Unirse al equipo del torneo en lichess<\/a> (se aceptar\u00e1n inscripciones s\u00f3lo de jugadores que hayan rellenado correctamente el formulario de inscripci\u00f3n, p.ej. incluyendo id FIDE): https:\/\/lichess.org\/team\/festival-de-ajedrez-juan-martinez-sola-online<\/li>\n<li>Despu\u00e9s de los dos primeros pasos, en unas horas se confirmar\u00e1 tu participaci\u00f3n si todo est\u00e1 correcto y podr\u00e1s <a href=\"https:\/\/lichess.org\/swiss\/fZoOUrIe\" target=\"_blank\" rel=\"noopener\">unirte al torneo<\/a>: https:\/\/lichess.org\/swiss\/fZoOUrIe<\/li>\n<\/ol>\n<p><a href=\"https:\/\/info64.org\/festival-de-ajedrez-juan-martinez-sola-2020-fase-previa\" target=\"_blank\" rel=\"noopener\">Listado de jugadores<\/a>: https:\/\/info64.org\/festival-de-ajedrez-juan-martinez-sola-2020-fase-previa<\/p>\n<p>La organizaci\u00f3n se reserva el derecho a admisi\u00f3n.<\/p>\n<p>El plazo de inscripci\u00f3n ser\u00e1 hasta una hora antes del comienzo del torneo.<\/p>\n<p>&nbsp;<\/p>\n<h2>3.\u00a0\u00a0\u00a0 CALENDARIO<\/h2>\n<p>El calendario de juego queda distribuido de la siguiente manera:<\/p>\n<table>\n<tbody>\n<tr>\n<td>Fecha*<\/td>\n<td>Ronda<\/td>\n<\/tr>\n<tr>\n<td>24 de octubre, 17:30 (CET, Madrid)<\/td>\n<td>Fase previa. Sistema Suizo<\/td>\n<\/tr>\n<tr>\n<td>31 de octubre, 16:00 (CET, Madrid)<\/td>\n<td>Cuartos de final<\/td>\n<\/tr>\n<tr>\n<td>31 de octubre, 17:00 (CET, Madrid)<\/td>\n<td>Semifinal I<\/td>\n<\/tr>\n<tr>\n<td>31 de octubre, 18:00 (CET, Madrid)<\/td>\n<td>Semifinal II<\/td>\n<\/tr>\n<tr>\n<td>31 de octubre, 19:00 (CET, Madrid)<\/td>\n<td>Final<\/td>\n<\/tr>\n<\/tbody>\n<\/table>\n<p>&nbsp;<\/p>\n<p>* El horario de juego puede sufrir peque\u00f1as variaciones, acordadas con los jugadores de cada match.<\/p>\n<h2>4.\u00a0\u00a0\u00a0 PREMIOS<\/h2>\n<p>Fase final:<\/p>\n<table>\n<tbody>\n<tr>\n<td>1\u00ba<\/td>\n<td>200\u20ac (en met\u00e1lico)<\/td>\n<\/tr>\n<tr>\n<td>2\u00ba<\/td>\n<td>100\u20ac (en met\u00e1lico)<\/td>\n<\/tr>\n<tr>\n<td>3\u00ba<\/td>\n<td>50\u20ac (a canjear en chess24, premium o tienda)<\/td>\n<\/tr>\n<tr>\n<td>4\u00ba<\/td>\n<td>50\u20ac (a canjear en chess24, premium o tienda)<\/td>\n<\/tr>\n<tr>\n<td>5\u00ba<\/td>\n<td>25\u20ac (a canjear en chess24, premium o tienda)<\/td>\n<\/tr>\n<tr>\n<td>6\u00ba<\/td>\n<td>25\u20ac (a canjear en chess24, premium o tienda)<\/td>\n<\/tr>\n<tr>\n<td>7\u00ba<\/td>\n<td>25\u20ac (a canjear en chess24, premium o tienda)<\/td>\n<\/tr>\n<tr>\n<td>8\u00ba<\/td>\n<td>25\u20ac (a canjear en chess24, premium o tienda)<\/td>\n<\/tr>\n<\/tbody>\n<\/table>\n<p>OTRAS CONSIDERACIONES<\/p>\n<ul>\n<li>Con la inscripci\u00f3n, los participantes:\n<ul>\n<li>aceptan estas bases as\u00ed como cualquier cambio que pudiera haber por motivos de la organizaci\u00f3n (la organizaci\u00f3n se reserva el derecho de cambiar las presentes bases),<\/li>\n<li>autorizan el uso y la publicaci\u00f3n de datos personales (p.ej., listados de resultados, participantes, clasificaciones, partidas, fotos\u2026) en los distintos medios de comunicaci\u00f3n e internet.<\/li>\n<li>se suscriben a <a href=\"http:\/\/www.ajedrezreverte.com\/web\/?q=node\/762\" target=\"_blank\" rel=\"noopener\">la lista de correo del club<\/a>.<\/li>\n<\/ul>\n<\/li>\n<\/ul>\n<div id=\"attachment_301\" style=\"width: 734px\" class=\"wp-caption aligncenter\"><img aria-describedby=\"caption-attachment-301\" loading=\"lazy\" class=\"wp-image-301 size-large\" src=\"http:\/\/www.ajedrezreverte.com\/rm\/wp-content\/uploads\/2020\/10\/JMS20cartel-724x1024.jpeg\" alt=\"\" width=\"724\" height=\"1024\" srcset=\"http:\/\/www.ajedrezreverte.com\/rm\/wp-content\/uploads\/2020\/10\/JMS20cartel-724x1024.jpeg 724w, http:\/\/www.ajedrezreverte.com\/rm\/wp-content\/uploads\/2020\/10\/JMS20cartel-212x300.jpeg 212w, http:\/\/www.ajedrezreverte.com\/rm\/wp-content\/uploads\/2020\/10\/JMS20cartel-768x1086.jpeg 768w, http:\/\/www.ajedrezreverte.com\/rm\/wp-content\/uploads\/2020\/10\/JMS20cartel.jpeg 1131w\" sizes=\"(max-width: 724px) 100vw, 724px\" \/><p id=\"caption-attachment-301\" class=\"wp-caption-text\">Cartel del Festival de Ajedrez Juan Mart\u00ednez Sola Online 2020<\/p><\/div>\n<p>&nbsp;<\/p>\n<h1>Juan Mart\u00ednez Sola Online Chess Festival 2020 (english version)<\/h1>\n<p>Due to the appearance of the pandemic caused by COVID-19, the Revert\u00e9 Minerals Chess Club organizes the Juan Mart\u00ednez Sola Online Chess Festival 2020.<\/p>\n<h2>1.\u00a0\u00a0\u00a0 SYSTEM AND RATE OF PLAY<\/h2>\n<h3>1.1\u00a0 Final Phase<\/h3>\n<p>Playoffs of 8 players.<\/p>\n<p>Quarters, semifinals, and final: 4-game match (whoever reaches 2.5 points wins). The rate of play will be 3&#8217;+ 2\u201d.<\/p>\n<p>In the event of a tie in a match, an Armageddon game will be played (White 5 &#8216;vs Black 4&#8217; &#8211; no increment). The winner of this game (or Black, in case of a draw) will be the winner of the match.<\/p>\n<p>The initial ranking will be made considering the classic ELO Fide of the players of October 2020. The pairings for the elimination rounds will be: A: 1st against 8th, B: 2nd against 7th, C: 3rd against 6th, D: 4th against 5th, then A against D, B against C.<\/p>\n<p>The final phase of this tournament will be played through the chess24 gaming platform. Live comments by chess24. All players must have a webcam with which they will connect to the Zoom platform during the game. In addition, they will share the screen of their computer where they can only have the game area open. The chess24 team will be in charge of anti-cheating control.<\/p>\n<h3>1.2\u00a0 Previous Phase<\/h3>\n<p>Swiss System to 11 rounds. The rate of play will be 3&#8217;+ 2\u201d. No claims will be accepted for pairing, tiebreak, and results calculated and stored by lichess.<\/p>\n<p>The previous phase of this tournament will be played through the lichess gaming platform.<\/p>\n<p>The four first classified of the preliminary phase will be able to play the final phase. In the event of rejection by the players or suspicion of cheating, the ranking will continue for the places to play the final phase.<\/p>\n<p>&nbsp;<\/p>\n<h2>2.\u00a0\u00a0\u00a0 PLAYERS PARTICIPATION<\/h2>\n<h3>2.1\u00a0 Final Phase<\/h3>\n<p>8 chess players will participate:<\/p>\n<ul>\n<li>4 invited chess players, who have played in the Revert\u00e9 Chess Club or designated by chess24:\n<ul>\n<li>GM Malakhov, Vladimir (RUS), 2667 Elo FIDE<\/li>\n<li>GM Movsesian, Sergei (ARM), 2647 Elo FIDE<\/li>\n<li>GM Pichot, Alan (ARG), 2630 Elo FIDE<\/li>\n<li>GM Ibarra Jerez, Jose Carlos (ESP), 2561 Elo FIDE<\/li>\n<\/ul>\n<\/li>\n<li>The 4 best chess players classified in the preliminary phase who meet the requirements (see play system above).<\/li>\n<\/ul>\n<h3>2.2\u00a0 Previous Phase<\/h3>\n<p>It will be an open tournament, in which players will have to reveal their identity in the registration form with the following information: FIDE id, account used on the lichess platform, and e-mail.<\/p>\n<p>Players with their registration agree to collaborate with the anti-cheat team in the following activities. Before the tournament, players may receive instructions to connect to an online room (e.g., Google meet, zoom) with their webcam during the game. Before each round, the anti-cheating team could contact players through the e-mail given in the registration and \/ or by message in lichess. Such contact will random and \/ or on the first tables. In this case, players must connect to the online room with their webcam during the game. In addition, they will share their computer screen where they can only have the game area open. If the players do not cooperate in this task, or the lichess server indicates suspicious behavior, they may lose the right to play the final phase if they qualify.<\/p>\n<p>Registration to the tournament is free for all players.<\/p>\n<p>Three steps are necessary to register:<\/p>\n<ol>\n<li><a href=\"https:\/\/forms.gle\/zrwj3SRuLZbbEE3R8\" target=\"_blank\" rel=\"noopener\">Fill in the registration form<\/a>: https:\/\/forms.gle\/zrwj3SRuLZbbEE3R8<\/li>\n<li><a href=\"https:\/\/lichess.org\/team\/festival-de-ajedrez-juan-martinez-sola-online\" target=\"_blank\" rel=\"noopener\">Join the tournament team in lichess<\/a> (registrations will be accepted only from players who have correctly filled out the registration form, e.g., filling FIDE Id): https:\/\/lichess.org\/team\/festival-de-ajedrez-juan-martinez-sola-online<\/li>\n<li>After the first two steps, in a few hours your participation will be confirmed if everything is correct and you will be able to <a href=\"https:\/\/lichess.org\/swiss\/fZoOUrIe\" target=\"_blank\" rel=\"noopener\">join the tournament<\/a>: https:\/\/lichess.org\/swiss\/fZoOUrIe<\/li>\n<\/ol>\n<p><a href=\"https:\/\/info64.org\/festival-de-ajedrez-juan-martinez-sola-2020-fase-previa\" target=\"_blank\" rel=\"noopener\">List of players<\/a>: https:\/\/info64.org\/festival-de-ajedrez-juan-martinez-sola-2020-fase-previa<\/p>\n<p>The organization reserves the right to admission.<\/p>\n<p>The registration period will be until one hour before the start of the tournament.<\/p>\n<h2>3.\u00a0\u00a0\u00a0 CALENDAR<\/h2>\n<p>The game schedule is distributed as follows:<\/p>\n<table>\n<tbody>\n<tr>\n<td>Date*<\/td>\n<td>Rounds<\/td>\n<\/tr>\n<tr>\n<td>October 24, 17:30 (CET, Madrid)<\/td>\n<td>Previous phase. Swiss system<\/td>\n<\/tr>\n<tr>\n<td>October 31, 16:00 (CET, Madrid)<\/td>\n<td>Quarters<\/td>\n<\/tr>\n<tr>\n<td>October 31, 17:00 (CET, Madrid)<\/td>\n<td>Semifinal I<\/td>\n<\/tr>\n<tr>\n<td>October 31, 18:00 (CET, Madrid)<\/td>\n<td>Semifinal II<\/td>\n<\/tr>\n<tr>\n<td>October 31, 19:00 (CET, Madrid)<\/td>\n<td>Final<\/td>\n<\/tr>\n<\/tbody>\n<\/table>\n<p>* The game schedule may undergo small variations, agreed with the players of each match.<\/p>\n<h2>4.\u00a0\u00a0\u00a0 PRIZES<\/h2>\n<p>Final phase:<\/p>\n<table>\n<tbody>\n<tr>\n<td>1\u00ba<\/td>\n<td>200\u20ac<\/td>\n<\/tr>\n<tr>\n<td>2\u00ba<\/td>\n<td>100\u20ac<\/td>\n<\/tr>\n<tr>\n<td>3\u00ba<\/td>\n<td>50\u20ac (voucher on chess24)<\/td>\n<\/tr>\n<tr>\n<td>4\u00ba<\/td>\n<td>50\u20ac (voucher on chess24)<\/td>\n<\/tr>\n<tr>\n<td>5\u00ba<\/td>\n<td>25\u20ac (voucher on chess24)<\/td>\n<\/tr>\n<tr>\n<td>6\u00ba<\/td>\n<td>25\u20ac (voucher on chess24)<\/td>\n<\/tr>\n<tr>\n<td>7\u00ba<\/td>\n<td>25\u20ac (voucher on chess24)<\/td>\n<\/tr>\n<tr>\n<td>8\u00ba<\/td>\n<td>25\u20ac (voucher on chess24)<\/td>\n<\/tr>\n<\/tbody>\n<\/table>\n<p>OTHER CONSIDERATIONS<\/p>\n<p>By registering, participants:<\/p>\n<ul>\n<li>accept these rules and any changes -except lowering\u00a0the prizes- done by\u00a0the organization (i.e., the organization reserves the right to change these rules),<\/li>\n<li>authorize the use and disclosure of personal data (e.g., lists of results, participants, standings, games, photos \u2026) in various media, social networks, and internet.<\/li>\n<li>subscribe to <a href=\"http:\/\/www.ajedrezreverte.com\/web\/?q=node\/762\" target=\"_blank\" rel=\"noopener\">the mailing list of the chess club<\/a>.<\/li>\n<\/ul>\n<p>&nbsp;<\/p>\n","protected":false},"excerpt":{"rendered":"<p>Sigue la final el s\u00e1bado 31 de octubre a las 16:00 (CET, hora Madrid) en chess24 y YouTube. | Follow the final on Saturday, October 31 at 4:00 p.m. (CET, Madrid time) on chess24 y YouTube. (see English version below) El Club de Ajedrez Revert\u00e9 Minerals, debido a la aparici\u00f3n de la pandemia ocasionada por <a class=\"more-link\" href=\"http:\/\/www.ajedrezreverte.com\/rm\/festival-de-ajedrez-juan-martinez-sola-online-2020\/\">Leer M\u00e1s &#8230;<\/a><\/p>\n","protected":false},"author":1,"featured_media":294,"parent":0,"menu_order":0,"comment_status":"closed","ping_status":"closed","template":"","meta":{"_monsterinsights_skip_tracking":false,"_monsterinsights_sitenote_active":false,"_monsterinsights_sitenote_note":"","_monsterinsights_sitenote_category":0,"_links_to":"","_links_to_target":""},"_links":{"self":[{"href":"http:\/\/www.ajedrezreverte.com\/rm\/wp-json\/wp\/v2\/pages\/286"}],"collection":[{"href":"http:\/\/www.ajedrezreverte.com\/rm\/wp-json\/wp\/v2\/pages"}],"about":[{"href":"http:\/\/www.ajedrezreverte.com\/rm\/wp-json\/wp\/v2\/types\/page"}],"author":[{"embeddable":true,"href":"http:\/\/www.ajedrezreverte.com\/rm\/wp-json\/wp\/v2\/users\/1"}],"replies":[{"embeddable":true,"href":"http:\/\/www.ajedrezreverte.com\/rm\/wp-json\/wp\/v2\/comments?post=286"}],"version-history":[{"count":14,"href":"http:\/\/www.ajedrezreverte.com\/rm\/wp-json\/wp\/v2\/pages\/286\/revisions"}],"predecessor-version":[{"id":308,"href":"http:\/\/www.ajedrezreverte.com\/rm\/wp-json\/wp\/v2\/pages\/286\/revisions\/308"}],"wp:featuredmedia":[{"embeddable":true,"href":"http:\/\/www.ajedrezreverte.com\/rm\/wp-json\/wp\/v2\/media\/294"}],"wp:attachment":[{"href":"http:\/\/www.ajedrezreverte.com\/rm\/wp-json\/wp\/v2\/media?parent=286"}],"curies":[{"name":"wp","href":"https:\/\/api.w.org\/{rel}","templated":true}]}}