{"id":372,"date":"2022-08-25T21:20:34","date_gmt":"2022-08-25T21:20:34","guid":{"rendered":"http:\/\/www.ajedrezreverte.com\/rm\/?page_id=372"},"modified":"2022-10-24T12:50:46","modified_gmt":"2022-10-24T12:50:46","slug":"jms2022","status":"publish","type":"page","link":"http:\/\/www.ajedrezreverte.com\/rm\/jms2022\/","title":{"rendered":"Festival Internacional Juan Mart\u00ednez Sola 2022"},"content":{"rendered":"\n<header class=\"entry-header\">\n<h2 class=\"entry-title\">Resultados\/Results:<\/h2>\n<p><a href=\"https:\/\/info64.org\/festival-juan-martinez-sola-2022-sub2400\" target=\"_blank\" rel=\"noopener\">Info64. Sub2400<\/a><\/p>\n<p><a href=\"https:\/\/info64.org\/festival-juan-martinez-sola-2022-sub1600\" target=\"_blank\" rel=\"noopener\">Info64. Sub1600<\/a><\/p>\n<h3>Almer\u00eda, 28 al 30 de octubre de 2022<\/h3>\n<h2 class=\"entry-title\">Bases<\/h2>\n<\/header>\n\n\n\n<div class=\"entry-content\">\n<p>ORGANIZACI\u00d3N Y LUGAR DE JUEGO<\/p>\n<ul>\n<li>Organiza: <a href=\"http:\/\/ajedrezreverte.com\/\" target=\"_blank\" rel=\"noopener\">Club de Ajedrez Revert\u00e9 Minerals<\/a>.<\/li>\n<li>Lugar de Juego: <a href=\"https:\/\/www.cabogatajardin.com\/\" target=\"_blank\" rel=\"noopener\">Hotel Cabogata Jard\u00edn****<\/a><\/li>\n<li>Colabora: Patronato Municipal de Deportes, S.A. Revert\u00e9 Productos Minerales.<\/li>\n<\/ul>\n<p><strong>ABIERTO SUB-2400: <\/strong>Abierto a todos los jugadores con licencia FIDE y Elo FIDE inferior&nbsp;a 2.400.<\/p>\n<ul>\n<li>Sistema suizo a 7 rondas.<\/li>\n<li>Ritmo: 60\u2019+30\u00bb: 60 minutos por jugador y 30 segundos adicionales por cada jugada propia.<\/li>\n<li>Orden inicial: Elo FIDE. En su defecto, Elo FEDA y orden alfab\u00e9tico.<\/li>\n<li>V\u00e1lido para Elo FIDE, FEDA y FADA.<\/li>\n<li>Pueden participar todos los jugadores&nbsp;con&nbsp;Elo inferior&nbsp;a 2.400 en la \u00faltima lista publicada anterior al inicio del torneo de ELO FIDE standard.<\/li>\n<li>Se permite un retraso m\u00e1ximo de 30 minutos sobre el comienzo de la partida.<\/li>\n<li>Se conceder\u00e1 hasta un m\u00e1ximo de 1 Bye de 0,5 puntos en las 5 primeras rondas, siempre que se soliciten al \u00e1rbitro hasta la v\u00edspera del torneo o al inscribirse. Para ser efectivos el jugador deber\u00e1 recibir confirmaci\u00f3n del mismo.<\/li>\n<li>Desempates: 1) Resultado particular (encuentro directo); 2) Buchholz (-1); 3) Buchholz Total; 4) Sonneborn-Berger; 5) Mayor n\u00famero de partidas&nbsp;ganadas<\/li>\n<li>Fecha y horario:\n<ul>\n<li>28-10-2022, 15:30, Primera Ronda<\/li>\n<li>28-10-2022, 18:30, Segunda Ronda<\/li>\n<li>29-10-2022, 09:00, Tercera Ronda<\/li>\n<li>29-10-2022, 12:00, Cuarta Ronda<\/li>\n<li>29-10-2022, 17:00, Quinta Ronda<\/li>\n<li>30-10-2022, 09:00, Sexta Ronda<\/li>\n<li>30-10-2022, 12:00, S\u00e9ptima Ronda<\/li>\n<li>30-10-2022, 15:30, Entrega de premios<\/li>\n<\/ul>\n<\/li>\n<\/ul>\n<p><strong>ABIERTO SUB-1600: <\/strong>Abierto a todos los jugadores con licencia FIDE y Elo FIDE inferior&nbsp;a 1.600.<\/p>\n<ul>\n<li>Sistema suizo a 6 rondas.<\/li>\n<li>Ritmo: 30\u2019+30\u00bb: 30 minutos por jugador y 30 segundos adicionales por cada jugada propia.<\/li>\n<li>Orden inicial: Elo FIDE. En su defecto, Elo FEDA y orden alfab\u00e9tico.<\/li>\n<li>V\u00e1lido para Elo FIDE, FEDA y FADA.<\/li>\n<li>Pueden participar todos los jugadores&nbsp;con&nbsp;Elo inferior&nbsp;a 1.600 en la \u00faltima lista publicada anterior al inicio del torneo de ELO FIDE standard.<\/li>\n<li>Se permite un retraso m\u00e1ximo de 30 minutos sobre el comienzo de la partida.<\/li>\n<li>Se conceder\u00e1 hasta un m\u00e1ximo de 1 Bye de 0,5 puntos en las 4 primeras rondas, siempre que se soliciten al \u00e1rbitro hasta la v\u00edspera del torneo o al inscribirse. Para ser efectivos el jugador deber\u00e1 recibir confirmaci\u00f3n del mismo.<\/li>\n<li>Desempates: 1) Resultado particular (encuentro directo); 2) Buchholz (-1); 3) Buchholz Total; 4) Sonneborn-Berger; 5) Mayor n\u00famero de partidas&nbsp;ganadas.<\/li>\n<li>Fecha y horario:\n<ul>\n<li>29-10-2022, 09:00, Primera Ronda<\/li>\n<li>29-10-2022, 11:00, Segunda Ronda<\/li>\n<li>29-10-2022, 13:00, Tercera Ronda<\/li>\n<li>29-10-2022, 17:00, Cuarta Ronda<\/li>\n<li>30-10-2022, 09:00, Quinta Ronda<\/li>\n<li>30-10-2022, 12:00, Sexta Ronda<\/li>\n<li>30-10-2022, 15:30, Entrega de premios<\/li>\n<\/ul>\n<\/li>\n<\/ul>\n<p>DESCALIFICACIONES<\/p>\n<ul>\n<li>La incomparecencia de un jugador a una ronda causar\u00e1 su descalificaci\u00f3n, salvo decisi\u00f3n arbitral justificada.<\/li>\n<\/ul>\n<p>REGLAS Y LEYES (en todos los grupos)<\/p>\n<ul>\n<li>Regir\u00e1n las Leyes del Ajedrez FIDE, as\u00ed como las presentes Bases.<\/li>\n<li>Se formar\u00e1 un \u00fanico Comit\u00e9 de Apelaci\u00f3n en el Festival compuesto por un miembro de la organizaci\u00f3n&nbsp;con voto de calidad, y 3 jugadores que posean un t\u00edtulo de \u00e1rbitro, o en su defecto, los primeros del ranking que no procedan del mismo&nbsp;club. Habr\u00e1 3 suplentes para cubrir alguna ausencia en la sala de juego de los titulares o la implicaci\u00f3n directa de un miembro.&nbsp;Una decisi\u00f3n del \u00c1rbitro Principal sobre el juego es recurrible al Comit\u00e9 de Apelaci\u00f3n, por escrito, en los 10&nbsp;minutos siguientes a la finalizaci\u00f3n de la partida en cuesti\u00f3n.&nbsp;El jugador que presente una reclamaci\u00f3n ante el comit\u00e9 de apelaci\u00f3n abonara una fianza de 80 euros que ser\u00e1n devueltos en el caso de que la reclamaci\u00f3n tenga resoluci\u00f3n favorable a dicho jugador.<\/li>\n<\/ul>\n<p>OTRAS CONSIDERACIONES<\/p>\n<ul>\n<li>Con la inscripci\u00f3n, los participantes:\n<ul>\n<li>aceptan el protocolo relativo a la protecci\u00f3n y prevenci\u00f3n de la salud frente a covid-19 en competici\u00f3n de la FADA.<\/li>\n<li>aceptan estas bases as\u00ed como cualquier cambio -a excepci\u00f3n de los premios- que pudiera haber por motivos de la organizaci\u00f3n (la organizaci\u00f3n se reserva el derecho de cambiar las presentes bases),<\/li>\n<li>autorizan el uso y la publicaci\u00f3n de datos personales (p.ej., listados de resultados, participantes, clasificaciones, partidas, fotos\u2026) en los distintos medios de comunicaci\u00f3n e internet.<\/li>\n<li>se suscriben a <a href=\"http:\/\/www.ajedrezreverte.com\/web\/?q=node\/762\" target=\"_blank\" rel=\"noopener\">la lista de correo del club<\/a>.<\/li>\n<\/ul>\n<\/li>\n<\/ul>\n<\/div>\n\n\n\n<h2>Inscripciones y hotel<\/h2>\n\n\n\n<div class=\"entry-content\">\n<p>El festival de ajedrez&nbsp;se jugar\u00e1 en el <a href=\"https:\/\/www.cabogatajardin.com\/\" target=\"_blank\" rel=\"noopener\">Hotel Cabogata Jard\u00edn****<\/a><\/p>\n<p>Direcci\u00f3n: Avda Juegos de Casablanca s\/n, 04131 El Toyo. Almer\u00eda<\/p>\n<\/div>\n\n\n\n<p>Para inscribirse es necesario:<\/p>\n\n\n\n<ol><li>Realizar el pago en la cuenta del Club Revert\u00e9 2103 5060 17 0030001958 (<a rel=\"noopener\" href=\"http:\/\/mapas.unicaja.es\/\" target=\"_blank\">Unicaja Banco, S.A.<\/a>). Para transferencias internacionales, IBAN: ES79 2103 5060 17 0030001958. BIC\/SWIFT: UCJAES2MXXX. <strong>En el concepto del ingreso hay que indicar el nombre y apellidos.<\/strong><\/li><li>Rellenar el <a rel=\"noreferrer noopener\" href=\"https:\/\/forms.gle\/K2VR6vG2dQvJ3o2F8\" target=\"_blank\">formulario de inscripci\u00f3n<\/a>. Alternativamente, se puede contactar en el e-mail almeria<a href=\"http:\/\/ajedrezreverte.com\/jms2019\/wp-content\/uploads\/2015\/05\/at.jpg\"><img loading=\"lazy\" class=\"alignnone size-full wp-image-192\" src=\"http:\/\/ajedrezreverte.com\/jms2019\/wp-content\/uploads\/2015\/05\/at.jpg\" alt=\"at\" width=\"14\" height=\"15\"><\/a>ajedrezreverte.com o en el Whatsapp 616 41 43 30.<\/li><\/ol>\n\n\n\n<figure class=\"wp-block-image size-full\"><img loading=\"lazy\" width=\"956\" height=\"673\" src=\"http:\/\/www.ajedrezreverte.com\/rm\/wp-content\/uploads\/2022\/08\/jms22_cuotas_spanish.png\" alt=\"\" class=\"wp-image-409\" srcset=\"http:\/\/www.ajedrezreverte.com\/rm\/wp-content\/uploads\/2022\/08\/jms22_cuotas_spanish.png 956w, http:\/\/www.ajedrezreverte.com\/rm\/wp-content\/uploads\/2022\/08\/jms22_cuotas_spanish-300x211.png 300w, http:\/\/www.ajedrezreverte.com\/rm\/wp-content\/uploads\/2022\/08\/jms22_cuotas_spanish-768x541.png 768w\" sizes=\"(max-width: 956px) 100vw, 956px\" \/><figcaption>Cuotas de inscripci\u00f3n<\/figcaption><\/figure>\n\n\n\n<p>*IMPORTANTE: <strong>Alojados en el hotel a trav\u00e9s del club, s\u00f3lo haciendo transferencia bancaria antes del 26 de octubre (despu\u00e9s de esta fecha, no podemos garantizar los precios arriba indicados).<\/strong><\/p>\n\n\n\n<p>HOTEL<\/p>\n\n\n\n<h2>Premios<\/h2>\n\n\n\n<p><strong>ABIERTO SUB-2400<br><\/strong><em>Federados con Elo FIDE inferior&nbsp;a 2.400<\/em><\/p>\n\n\n\n<p>Clasificaci\u00f3n General<br><strong>Campe\u00f3n, 300 \u20ac y Trofeo<\/strong><br><strong> Subcampe\u00f3n, 200 \u20ac y Trofeo<\/strong><br><strong> 3\u00ba, 100 \u20ac y Trofeo<\/strong><br>4\u00ba, 80&nbsp;\u20ac<br>5\u00ba, 70&nbsp;\u20ac<br>6\u00ba, 60&nbsp;\u20ac<\/p>\n\n\n\n<p>Especiales<br>1\u00ba Sub-2200 FIDE, 50 \u20ac<br>1\u00ba Sub-2000 FIDE, 50 \u20ac<br>1\u00ba Sub-1800 FIDE, 50 \u20ac<\/p>\n\n\n\n<p>1\u00ba Femenina, Trofeo<br>1\u00ba Veterano, Trofeo<br>1\u00ba Sub-12, Trofeo<br>1\u00ba Sub-10, Trofeo<br>1\u00ba Sub-8, Trofeo<br>Todos los Sub-12, Medallas<\/p>\n\n\n\n<p><strong>ABIERTO SUB-1600<br><\/strong><em>Federados con Elo FIDE inferior&nbsp;a 1.600<\/em><\/p>\n\n\n\n<p>Clasificaci\u00f3n General<br><strong> Campe\u00f3n, 150 \u20ac y Trofeo<\/strong><br><strong> Subcampe\u00f3n, 120 \u20ac y Trofeo<\/strong><br><strong> 3\u00ba, 100&nbsp;\u20ac y Trofeo<\/strong><br>4\u00ba, 80&nbsp;\u20ac<br>5\u00ba, 70&nbsp;\u20ac<br>6\u00ba, 60&nbsp;\u20ac<\/p>\n\n\n\n<p>Especiales<br>1\u00ba Sub-1400 FIDE, 50 \u20ac<br>1\u00ba Sub-1200 FIDE, 50 \u20ac<\/p>\n\n\n\n<p>1\u00ba Femenina, Trofeo<br>1\u00ba Veterano, Trofeo<br>1\u00ba Sub-12, Trofeo<br>1\u00ba Sub-10, Trofeo<br>1\u00ba Sub-8, Trofeo<br>Todos los Sub-12, Medallas<\/p>\n\n\n\n<p>INFORMACI\u00d3N SOBRE LOS PREMIOS<\/p>\n\n\n\n<ul><li>Los premios no son acumulables.<\/li><li>Se entregar\u00e1n por rigurosa clasificaci\u00f3n general, no siendo compartidos a igualdad de puntos. Siempre se optar\u00e1 al premio de mayor importe, y en caso de igual valor o premio no econ\u00f3mico, se asignar\u00e1 el premio en el orden mostrado en esta p\u00e1gina.<\/li><li>Los premios por categor\u00edas:\n<ul>\n<li>Veteranos (+50): Nacidos en 1972 y anteriores.<\/li>\n<li>Sub-12: Nacidos en 2010 y posteriores.<\/li>\n<li>Sub-10: Nacidos en 2012 y posteriores.<\/li>\n<li>Sub-08: Nacidos en 2014 y posteriores.<\/li>\n<li>Tramos de Elo: seg\u00fan Elo FIDE standard.<\/li>\n<\/ul>\n<\/li><li>Para cobrar el premio habr\u00e1 que mostrar DNI y firmar el recibo correspondiente de recogida del premio.<\/li><\/ul>\n\n\n\n<hr class=\"wp-block-separator has-alpha-channel-opacity\"\/>\n\n\n\n<h2><strong>Rules<\/strong><\/h2>\n\n\n\n<p>ORGANIZATION AND&nbsp;VENUE<\/p>\n\n\n\n<p>Organizer: <a href=\"http:\/\/ajedrezreverte.com\/\">Revert\u00e9 Minerals Chess Club<\/a>.<br>Venue: <a href=\"https:\/\/www.cabogatajardin.com\/\" target=\"_blank\" rel=\"noopener\">Hotel Cabogata Jard\u00edn****<\/a>.<br>Sponsors: Patronato Municipal de Deportes de Almer\u00eda, S.A. Revert\u00e9 Productos Minerales.<\/p>\n\n\n\n<p><strong>OPEN UNDER 2400<\/strong><\/p>\n\n\n\n<ul><li>Swiss system,&nbsp;7&nbsp;rounds.<\/li><li>Time control: 60\u2019+ 30\u201d: 60 minutes per player and 30 extra seconds for each own move.<\/li><li>Initial ranking: ordered by Elo FIDE. For players that do not have Elo FIDE, order will be respectively set by Elo FEDA and alphabetically.<\/li><li>Valid for rating&nbsp;FIDE, FEDA and FADA.<\/li><li>All players with FIDE rating lower than 2,400 in the last published FIDE rating list can play.<\/li><li>A maximum delay of 30 minutes on the start of each round is allowed.<\/li><li>One player can ask a maximum of 1 bye scored with 0.5 points in the first 5 rounds, when requested in the registration form (at least one day before) or to the arbiter. The player must receive confirmation.<\/li><li>Tie breaks: 1) Direct encounter; 2) Buchholz Cut 1; 3) Buchholz; 4) Sonneborn-Berger; 5) The greater number of wins.<\/li><li>Date and Time: <ul><li>October 28<sup>th<\/sup>, 15:30, First Round<\/li><li>October 28<sup>th<\/sup>, 18:30, Second Round<\/li><li>October 29<sup>th<\/sup>, 09:00, Third Round<\/li><li>October 29<sup>th<\/sup>, 12:00, Fourth Round<\/li><li>October 29<sup>th<\/sup>, 17:00, Fifth Round<\/li><li>October 30<sup>st<\/sup>, 09:00, Sixth Round<\/li><li>October 30<sup>st<\/sup>, 12:00, Seventh Round<\/li><li>October 30<sup>st<\/sup>, 15:30, Closing and Awards Ceremony <\/li><\/ul><\/li><\/ul>\n\n\n\n<p><strong>OPEN UNDER 1600<\/strong><\/p>\n\n\n\n<ul><li>Swiss system, 6 rounds.<\/li><li>Time control: 30\u2019+ 30\u201d: 30 minutes per player and 30 extra seconds for each own move.<\/li><li>Initial ranking: ordered by Elo FIDE. For players that do not have Elo FIDE, order will be respectively set by Elo FEDA and alphabetically.<\/li><li>Valid for rating&nbsp;FIDE, FEDA and FADA.<\/li><li>All players with FIDE rating lower than 1,600 in the last published FIDE rating list can play.<\/li><li>A maximum delay of 30 minutes on the start of each round is allowed.<\/li><li>One player can ask a maximum of 1 bye scored with 0.5 points in the first 4 rounds, when requested in the registration form (at least one day before) or to the arbiter. The player must receive confirmation.<\/li><li>Tie breaks: 1) Direct encounter; 2) Buchholz Cut 1; 3) Buchholz; 4) Sonneborn-Berger; 5) The greater number of wins.<\/li><li>Date and Time: <ul><li>October 29<sup>th<\/sup>, 09:00, First Round<\/li><li>October 29<sup>th<\/sup>, 11:00, Second Round<\/li><li>October 29<sup>th<\/sup>, 13:00, Third Round<\/li><li>October 29<sup>th<\/sup>, 17:00, Fourth Round<\/li><li>October 30<sup>th<\/sup>, 09:00, Fifth Round<\/li><li>October 30<sup>th<\/sup>, 12:00, Sixth Round<\/li><li>October 30<sup>st<\/sup>, 15:30, Closing and Awards Ceremony <\/li><\/ul><\/li><\/ul>\n\n\n\n<p>DISQUALIFICATION<\/p>\n\n\n\n<p>The absence of a player a round cause disqualification.<\/p>\n\n\n\n<p>RULES AND LAWS OF CHESS<\/p>\n\n\n\n<ul><li>FIDE Laws of Chess and the rules of this page will be applied.<\/li><li>An Appeals Committee is going to be composed of for the whole Festival: one member of the organization with a casting vote, and 3 players with an arbiter title or alternatively the first players from the initial ranking from different chess clubs. There will be three reserves&nbsp;to cover any absence in the game room or the direct involvement of a member or any conflict of interest. A decision by the Arbiter&nbsp;on the game may be appealed to the Appeals Committee, by a formal written letter and a payment of 80\u20ac (to be refunded if the claimant is right), within 10&nbsp;minutes after the end of the game.<\/li><\/ul>\n\n\n\n<p>OTHER CONSIDERATIONS<\/p>\n\n\n\n<p>By registering, participants:<\/p>\n\n\n\n<ul><li><span class=\"VIiyi\" lang=\"en\"><span class=\"JLqJ4b ChMk0b\" data-language-for-alternatives=\"en\" data-language-to-translate-into=\"es\" data-phrase-index=\"0\">accept the protocol related to the protection and prevention of health against covid-19 in competition of the FADA.<\/span><\/span><\/li><li>accept these rules and any changes -except lowering&nbsp;the prizes- done by&nbsp;the organization (i.e., the organization reserves the right to change these rules),<\/li><li>authorize the use and disclosure of personal data (e.g., lists of results, participants, standings, games, photos \u2026) in various media, social networks, and internet.<\/li><li>subscribe to <a href=\"http:\/\/www.ajedrezreverte.com\/web\/?q=node\/762\">the mailing list of the chess club<\/a>.<\/li><\/ul>\n\n\n\n<h2>Registration and Venue<\/h2>\n\n\n\n<p>The chess festival will be played at the Hotel Cabogata Jard\u00edn****<\/p>\n\n\n\n<p>Address: Avda Games of Casablanca s\/n, 04131 El Toyo. Almeria<\/p>\n\n\n\n<p>To register you need to:<\/p>\n\n\n\n<ol><li>Make a bank transfer to the bank account of the Chess Club Revert\u00e9 2103 5060 17 0030001958 (<a href=\"http:\/\/mapas.unicaja.es\/\">Unicaja Banco, S.A.<\/a>). For international transfers, IBAN: ES79 2103 5060 17 0030001958. BIC\/SWIFT: UCJAES2MXXX. <strong>The concept has to contain the full name of the player.<\/strong><\/li><li>Fill the <a rel=\"noreferrer noopener\" href=\"https:\/\/forms.gle\/K2VR6vG2dQvJ3o2F8\" target=\"_blank\">registration form<\/a>. Alternatively, contact us by e-mail almeriaajedrezreverte.com or Whatsapp (+34) 616 41 43 30. <\/li><\/ol>\n\n\n\n<figure class=\"wp-block-image size-full\"><img loading=\"lazy\" width=\"963\" height=\"683\" src=\"http:\/\/www.ajedrezreverte.com\/rm\/wp-content\/uploads\/2022\/08\/jms22_fees_english.png\" alt=\"\" class=\"wp-image-407\" srcset=\"http:\/\/www.ajedrezreverte.com\/rm\/wp-content\/uploads\/2022\/08\/jms22_fees_english.png 963w, http:\/\/www.ajedrezreverte.com\/rm\/wp-content\/uploads\/2022\/08\/jms22_fees_english-300x213.png 300w, http:\/\/www.ajedrezreverte.com\/rm\/wp-content\/uploads\/2022\/08\/jms22_fees_english-768x545.png 768w\" sizes=\"(max-width: 963px) 100vw, 963px\" \/><figcaption>Registration fees<\/figcaption><\/figure>\n\n\n\n<p>*IMPORTANT: Staying at the hotel through the club, only by making a bank transfer before October 26 (after this date, we cannot guarantee the prices indicated above).  <\/p>\n\n\n\n<h2>Prizes<\/h2>\n\n\n\n<p><strong>OPEN UNDER 2400<br><\/strong><em>Open to all players with FIDE license, and FIDE rating lower than 2,400<\/em><\/p>\n\n\n\n<p>General<br><strong>Champion, 300 \u20ac and Trophy<\/strong><br><strong>2<sup>nd<\/sup>, 200 \u20ac and Trophy<\/strong><br><strong>3<sup>rd<\/sup>, 100 \u20ac and Trophy<\/strong><br>4<sup>th<\/sup>, 80&nbsp;\u20ac<br>5<sup>th<\/sup>, 70&nbsp;\u20ac<br>6<sup>th<\/sup>, 60&nbsp;\u20ac<\/p>\n\n\n\n<p>Others prizes<br>1st&nbsp;Under 2200&nbsp;rating FIDE, 50 \u20ac<br>1st&nbsp;Under 2000&nbsp;rating FIDE, 50 \u20ac<br>1st Under 1800 rating FIDE, 50 \u20ac<br><br>1\u00ba Female, Trophy<br>1\u00ba Veteran, Trophy<br>1\u00ba U12, Trophy<br>1\u00ba U10, Trophy<br>1\u00ba U8, Trophy<br>All U12,&nbsp;Medel<\/p>\n\n\n\n<p><strong>OPEN UNDER 1600<br><\/strong><em>Open to all players with FIDE license, and FIDE rating lower than 1,600<\/em><\/p>\n\n\n\n<p>General<br><strong>Champion, 150 \u20ac and Trophy<\/strong><br><strong>2<sup>nd<\/sup>, 120 \u20ac and Trophy<\/strong><br><strong>3<sup>rd<\/sup>, 100 \u20ac and Trophy<\/strong><br>4<sup>th<\/sup>, 80&nbsp;\u20ac<br>5<sup>th<\/sup>, 70&nbsp;\u20ac<br>6<sup>th<\/sup>, 60&nbsp;\u20ac<\/p>\n\n\n\n<p>Others prizes<br>1st&nbsp;Under 1400&nbsp;rating FIDE, 50 \u20ac<br>1st Under 1200 rating FIDE, 50 \u20ac<br><br>1\u00ba Female, Trophy<br>1\u00ba Veteran, Trophy<br>1\u00ba U12, Trophy<br>1\u00ba U10, Trophy<br>1\u00ba U8, Trophy<br>All U12,&nbsp;Medel<\/p>\n\n\n\n<p>INFORMATION ABOUT THE PRIZES<\/p>\n\n\n\n<ul><li>The prizes are not cumulative.<\/li><li>They will be delivered by rigorous classification, not being shared in case of equal points.<\/li><li>Categories: <ul><li>Veteran (+50): Born in 1972 or&nbsp;earlier.<\/li><li>U12: Born in 2010 and later.<\/li><li>U10: Born in 2012 and later.<\/li><li>U08: Born in 2014 and later.<\/li><li>Elo prizes: according to FIDE rating standard <\/li><\/ul><\/li><li>To collect the prize, it is necessary to&nbsp;show ID card or passport, and sign a receipt.<\/li><\/ul>\n","protected":false},"excerpt":{"rendered":"<p>Resultados\/Results: Info64. Sub2400 Info64. Sub1600 Almer\u00eda, 28 al 30 de octubre de 2022 Bases ORGANIZACI\u00d3N Y LUGAR DE JUEGO Organiza: Club de Ajedrez Revert\u00e9 Minerals. Lugar de Juego: Hotel Cabogata Jard\u00edn**** Colabora: Patronato Municipal de Deportes, S.A. Revert\u00e9 Productos Minerales. ABIERTO SUB-2400: Abierto a todos los jugadores con licencia FIDE y Elo FIDE inferior&nbsp;a 2.400. <a class=\"more-link\" href=\"http:\/\/www.ajedrezreverte.com\/rm\/jms2022\/\">Leer M\u00e1s &#8230;<\/a><\/p>\n","protected":false},"author":1,"featured_media":427,"parent":0,"menu_order":0,"comment_status":"closed","ping_status":"closed","template":"","meta":{"_monsterinsights_skip_tracking":false,"_monsterinsights_sitenote_active":false,"_monsterinsights_sitenote_note":"","_monsterinsights_sitenote_category":0,"_links_to":"","_links_to_target":""},"_links":{"self":[{"href":"http:\/\/www.ajedrezreverte.com\/rm\/wp-json\/wp\/v2\/pages\/372"}],"collection":[{"href":"http:\/\/www.ajedrezreverte.com\/rm\/wp-json\/wp\/v2\/pages"}],"about":[{"href":"http:\/\/www.ajedrezreverte.com\/rm\/wp-json\/wp\/v2\/types\/page"}],"author":[{"embeddable":true,"href":"http:\/\/www.ajedrezreverte.com\/rm\/wp-json\/wp\/v2\/users\/1"}],"replies":[{"embeddable":true,"href":"http:\/\/www.ajedrezreverte.com\/rm\/wp-json\/wp\/v2\/comments?post=372"}],"version-history":[{"count":27,"href":"http:\/\/www.ajedrezreverte.com\/rm\/wp-json\/wp\/v2\/pages\/372\/revisions"}],"predecessor-version":[{"id":430,"href":"http:\/\/www.ajedrezreverte.com\/rm\/wp-json\/wp\/v2\/pages\/372\/revisions\/430"}],"wp:featuredmedia":[{"embeddable":true,"href":"http:\/\/www.ajedrezreverte.com\/rm\/wp-json\/wp\/v2\/media\/427"}],"wp:attachment":[{"href":"http:\/\/www.ajedrezreverte.com\/rm\/wp-json\/wp\/v2\/media?parent=372"}],"curies":[{"name":"wp","href":"https:\/\/api.w.org\/{rel}","templated":true}]}}