{"id":468,"date":"2024-02-29T08:03:12","date_gmt":"2024-02-29T08:03:12","guid":{"rendered":"http:\/\/www.ajedrezreverte.com\/rm\/?page_id=468"},"modified":"2024-09-27T09:12:33","modified_gmt":"2024-09-27T09:12:33","slug":"festival-internacional-juan-martinez-sola-2024","status":"publish","type":"page","link":"http:\/\/www.ajedrezreverte.com\/rm\/festival-internacional-juan-martinez-sola-2024\/","title":{"rendered":"Festival Internacional Juan Mart\u00ednez Sola 2024"},"content":{"rendered":"\n<h2>Resultados\/Results:<\/h2>\n\n\n\n<p><a href=\"https:\/\/info64.org\/festival-juan-martinez-sola-2024-sub2400\" target=\"_blank\" rel=\"noreferrer noopener\">Info64. Sub2400<\/a><\/p>\n\n\n\n<p><a rel=\"noreferrer noopener\" href=\"https:\/\/info64.org\/festival-juan-martinez-sola-2024-sub1600\" target=\"_blank\">Info64. Sub1600<\/a><\/p>\n\n\n\n<p><a href=\"https:\/\/info64.org\/festival-juan-martinez-sola-2024-blitz\" target=\"_blank\" rel=\"noreferrer noopener\">Info64. Blitz<\/a><\/p>\n\n\n\n<h3>Almer\u00eda, del 27 al 29 de septiembre de 2024<\/h3>\n\n\n\n<h2>Bases<\/h2>\n\n\n\n<p>ORGANIZACI\u00d3N Y LUGAR DE JUEGO<\/p>\n\n\n\n<ul><li>Organiza: <a rel=\"noreferrer noopener\" href=\"http:\/\/ajedrezreverte.com\/\" target=\"_blank\">Club de Ajedrez Revert\u00e9 Minerals<\/a>.<\/li><li>Lugar de Juego: <a rel=\"noreferrer noopener\" href=\"https:\/\/www.cabogatajardin.com\/\" target=\"_blank\">Hotel Cabogata Jard\u00edn****<\/a><\/li><li>Colabora: Patronato Municipal de Deportes, S.A. Revert\u00e9 Productos Minerales.<\/li><\/ul>\n\n\n\n<p><strong>ABIERTO SUB-2400: <\/strong>Abierto a todos los jugadores con licencia FIDE y Elo FIDE inferior&nbsp;a 2.400.<\/p>\n\n\n\n<ul><li>Sistema suizo a 7 rondas.<\/li><li>Ritmo: 60\u2019+30\u00bb: 60 minutos por jugador y 30 segundos adicionales por cada jugada propia.<\/li><li>Orden inicial: Elo FIDE. En su defecto, Elo FADA y orden alfab\u00e9tico.<\/li><li>V\u00e1lido para Elo FIDE y FADA.<\/li><li>Pueden participar todos los jugadores&nbsp;con&nbsp;Elo inferior&nbsp;a 2.400 en la \u00faltima lista publicada anterior al inicio del torneo de ELO FIDE standard.<\/li><li>Se permite un retraso m\u00e1ximo de 30 minutos sobre el comienzo de la partida.<\/li><li>Se conceder\u00e1 hasta un m\u00e1ximo de 2 Byes de 0,5 puntos en las 5 primeras rondas, siempre que se soliciten al \u00e1rbitro hasta la v\u00edspera del torneo o al inscribirse. Para ser efectivos el jugador deber\u00e1 recibir confirmaci\u00f3n del mismo.<\/li><li>Desempates: 1) Buchholz (-1); 2) Buchholz Total; 3) Sonneborn-Berger; 4) Resultado particular (encuentro directo); 5) Mayor n\u00famero de partidas&nbsp;ganadas<\/li><li>Fecha y horario:<ul><li>27-09-2024, 15:30, Primera Ronda<\/li><li>27-09-2024, 18:30, Segunda Ronda<\/li><li>28-09-2024, 09:00, Tercera Ronda<\/li><li>28-09-2024, 12:00, Cuarta Ronda<\/li><li>28-09-2024, 17:00, Quinta Ronda<\/li><li>29-09-2024, 08:30, Sexta Ronda<\/li><li>29-09-2024, 11:30, S\u00e9ptima Ronda<\/li><li>29-09-2024, 15:30, Entrega de premios<\/li><\/ul><\/li><\/ul>\n\n\n\n<p><strong>ABIERTO SUB-1600: <\/strong>Abierto a todos los jugadores con Elo FIDE inferior&nbsp;a 1.600.<\/p>\n\n\n\n<p><strong>Actualizaci\u00f3n respecto al a\u00f1o pasado<\/strong>: pueden jugar jugadores no federados, es v\u00e1lido s\u00f3lo para Elo FADA, el ritmo de juego es 25&#8217;+30\u00bb.<\/p>\n\n\n\n<ul><li>Sistema suizo a 7 rondas.<\/li><li>Ritmo: 25\u2019+30\u00bb: 25 minutos por jugador y 30 segundos adicionales por cada jugada propia.<\/li><li>Orden inicial: Elo FIDE. En su defecto, Elo FADA y orden alfab\u00e9tico.<\/li><li>V\u00e1lido para Elo FADA.<\/li><li>Pueden participar todos los jugadores&nbsp;con&nbsp;Elo inferior&nbsp;a 1.600 en la \u00faltima lista publicada anterior al inicio del torneo de ELO FIDE standard.<\/li><li>Se permite un retraso m\u00e1ximo de 25 minutos sobre el comienzo de la partida.<\/li><li>Se conceder\u00e1 hasta un m\u00e1ximo de 2 Byes de 0,5 puntos en las 5 primeras rondas, siempre que se soliciten al \u00e1rbitro hasta la v\u00edspera del torneo o al inscribirse. Para ser efectivos el jugador deber\u00e1 recibir confirmaci\u00f3n del mismo.<\/li><li>Desempates: 1) Buchholz (-1); 2) Buchholz Total; 3) Sonneborn-Berger; 4) Resultado particular (encuentro directo); 5) Mayor n\u00famero de partidas&nbsp;ganadas.<\/li><li>Fecha y horario:<ul><li>28-09-2024, 09:00, Primera Ronda<\/li><li>28-09-2024, 11:00, Segunda Ronda<\/li><li>28-09-2024, 13:00, Tercera Ronda<\/li><li>28-09-2024, 17:00, Cuarta Ronda<\/li><li>29-09-2024, 08:30, Quinta Ronda<\/li><li>29-09-2024, 10:30, Sexta Ronda<\/li><li>29-09-2024, 12:30, S\u00e9ptima Ronda<\/li><li>29-09-2024, 15:30, Entrega de premios<\/li><\/ul><\/li><\/ul>\n\n\n\n<p><strong>ABIERTO NOCTURNO REL\u00c1MPAGO<\/strong><\/p>\n\n\n\n<ul><li>Sistema suizo a 9 rondas. No se admitir\u00e1n reclamaciones sobre el pareo inform\u00e1tico.<\/li><li>Ritmo: 3\u2019+2\u00bb: 3 minutos por jugador y 2 segundos adicionales por cada jugada propia.<\/li><li>Inscripci\u00f3n 5 \u20ac (se paga en el mismo d\u00eda).<\/li><li>Orden inicial: Elo FIDE blitz. En su defecto, Elo FIDE y orden alfab\u00e9tico.<\/li><li>V\u00e1lido para Elo FIDE Blitz. Todos los participantes deben tener licencia en vigor<\/li><li>Se permite retraso hasta ca\u00edda de bandera.<\/li><li>Desempates: 1) Buchholz (-1); 2) Buchholz Total; 3) Sonneborn-Berger; 4) Resultado particular (encuentro directo); 5) Mayor n\u00famero de partidas&nbsp;ganadas.<\/li><li>Los desempates son calculados por el Programa Inform\u00e1tico Vega (no se admitir\u00e1n reclamaciones).<\/li><li>Fecha y horario:<ul><li>28-09-2024, 22:00,&nbsp;Comienzo del torneo<\/li><\/ul><ul><li>29-09-2024, 00:30, Hora estimada de finalizaci\u00f3n<\/li><\/ul><\/li><\/ul>\n\n\n\n<p>DESCALIFICACIONES<\/p>\n\n\n\n<ul><li>La incomparecencia de un jugador a una ronda causar\u00e1 su descalificaci\u00f3n, salvo decisi\u00f3n arbitral justificada.<\/li><\/ul>\n\n\n\n<p>REGLAS Y LEYES (en todos los grupos)<\/p>\n\n\n\n<ul><li>Regir\u00e1n las Leyes del Ajedrez FIDE, as\u00ed como las presentes Bases.<\/li><li>Open Sub2400 y Open Sub1600: Se formar\u00e1 un \u00fanico Comit\u00e9 de Apelaci\u00f3n en el Festival compuesto por un miembro de la organizaci\u00f3n&nbsp;con voto de calidad, y 3 jugadores que posean un t\u00edtulo de \u00e1rbitro, o en su defecto, los primeros del ranking que no procedan del mismo&nbsp;club. Habr\u00e1 3 suplentes para cubrir alguna ausencia en la sala de juego de los titulares o la implicaci\u00f3n directa de un miembro.&nbsp;Una decisi\u00f3n del \u00c1rbitro Principal sobre el juego es recurrible al Comit\u00e9 de Apelaci\u00f3n, por escrito, en los 10&nbsp;minutos siguientes a la finalizaci\u00f3n de la partida en cuesti\u00f3n.&nbsp;El jugador que presente una reclamaci\u00f3n ante el comit\u00e9 de apelaci\u00f3n abonara una fianza de 80 euros que ser\u00e1n devueltos en el caso de que la reclamaci\u00f3n tenga resoluci\u00f3n favorable a dicho jugador.<\/li><\/ul>\n\n\n\n<p>OTRAS CONSIDERACIONES<\/p>\n\n\n\n<ul><li>aceptan estas bases as\u00ed como cualquier cambio -a excepci\u00f3n de los premios- que pudiera haber por motivos de la organizaci\u00f3n (la organizaci\u00f3n se reserva el derecho de cambiar las presentes bases),<\/li><li>autorizan el uso y la publicaci\u00f3n de datos personales (p.ej., listados de resultados, participantes, clasificaciones, partidas, fotos\u2026) en los distintos medios de comunicaci\u00f3n e internet.<\/li><li>se suscriben a <a rel=\"noreferrer noopener\" href=\"http:\/\/www.ajedrezreverte.com\/web\/?q=node\/762\" target=\"_blank\">la lista de correo del club<\/a>.<\/li><\/ul>\n\n\n\n<h2>Inscripciones y hotel<\/h2>\n\n\n\n<p>El festival de ajedrez&nbsp;se jugar\u00e1 en el <a href=\"https:\/\/www.cabogatajardin.com\/\" target=\"_blank\" rel=\"noreferrer noopener\">Hotel Cabogata Jard\u00edn****<\/a><\/p>\n\n\n\n<p>Direcci\u00f3n: Avda Juegos de Casablanca s\/n, 04131 El Toyo. Almer\u00eda<\/p>\n\n\n\n<p>Para inscribirse es necesario:<\/p>\n\n\n\n<ol><li>Realizar el pago en la cuenta del Club Revert\u00e9 2103 5060 17 0030001958 (<a rel=\"noopener\" href=\"http:\/\/mapas.unicaja.es\/\" target=\"_blank\">Unicaja Banco, S.A.<\/a>). Para transferencias internacionales, IBAN: ES79 2103 5060 17 0030001958. BIC\/SWIFT: UCJAES2MXXX. <strong>En el concepto del ingreso hay que indicar el nombre y apellidos.<\/strong><\/li><li>Rellenar el <a rel=\"noreferrer noopener\" href=\"https:\/\/forms.gle\/t8b3eLqzHQwdZKLe9\" target=\"_blank\">formulario de inscripci\u00f3n<\/a>. Alternativamente, se puede contactar en el e-mail almeria<a href=\"http:\/\/ajedrezreverte.com\/jms2019\/wp-content\/uploads\/2015\/05\/at.jpg\"><img loading=\"lazy\" width=\"14\" height=\"15\" class=\"alignnone size-full wp-image-192\" src=\"http:\/\/ajedrezreverte.com\/jms2019\/wp-content\/uploads\/2015\/05\/at.jpg\" alt=\"at\"><\/a>ajedrezreverte.com o en el Whatsapp 616 41 43 30.<\/li><li>En caso de reserva de hotel: rellene este <a href=\"https:\/\/forms.gle\/U6UXjsRR4aZ5gH1JA\" target=\"_blank\" rel=\"noreferrer noopener\">formulario por cada habitaci\u00f3n reservada<\/a>.<\/li><\/ol>\n\n\n\n<figure class=\"wp-block-image size-large\"><img loading=\"lazy\" width=\"1024\" height=\"672\" src=\"http:\/\/www.ajedrezreverte.com\/rm\/wp-content\/uploads\/2024\/03\/inscripcion24_es-3-1024x672.jpg\" alt=\"\" class=\"wp-image-477\" srcset=\"http:\/\/www.ajedrezreverte.com\/rm\/wp-content\/uploads\/2024\/03\/inscripcion24_es-3-1024x672.jpg 1024w, http:\/\/www.ajedrezreverte.com\/rm\/wp-content\/uploads\/2024\/03\/inscripcion24_es-3-300x197.jpg 300w, http:\/\/www.ajedrezreverte.com\/rm\/wp-content\/uploads\/2024\/03\/inscripcion24_es-3-768x504.jpg 768w, http:\/\/www.ajedrezreverte.com\/rm\/wp-content\/uploads\/2024\/03\/inscripcion24_es-3.jpg 1503w\" sizes=\"(max-width: 1024px) 100vw, 1024px\" \/><figcaption>Cuotas de inscripci\u00f3n<\/figcaption><\/figure>\n\n\n\n<p>*IMPORTANTE: <strong>Alojados en el hotel a trav\u00e9s del club, s\u00f3lo haciendo transferencia bancaria antes del 12 de septiembre (despu\u00e9s de esta fecha, no podemos garantizar los precios arriba indicados).<\/strong> Actualizaci\u00f3n: S\u00f3lo queda disponibilidad en r\u00e9gimen de Alojamiento y Desayuno<\/p>\n\n\n\n<h2>Premios<\/h2>\n\n\n\n<p><strong>ABIERTO SUB-2400<br><\/strong><em>Federados con Elo FIDE inferior&nbsp;a 2.400<\/em><\/p>\n\n\n\n<p>Clasificaci\u00f3n General<br><strong>Campe\u00f3n, 300 \u20ac y Trofeo<\/strong><br><strong>Subcampe\u00f3n, 200 \u20ac y Trofeo<\/strong><br><strong>3\u00ba, 100 \u20ac y Trofeo<\/strong><br>4\u00ba, 80&nbsp;\u20ac<br>5\u00ba, 70&nbsp;\u20ac<br>6\u00ba, 60&nbsp;\u20ac<\/p>\n\n\n\n<p>Especiales<br>1\u00ba Sub-2200 FIDE, 50 \u20ac<br>1\u00ba Sub-2000 FIDE, 50 \u20ac<br>1\u00ba Sub-1800 FIDE, 50 \u20ac<\/p>\n\n\n\n<p>1\u00ba Femenina, Trofeo<br>1\u00ba Veterano, Trofeo<br>1\u00ba Sub-12, Trofeo<br>1\u00ba Sub-10, Trofeo<br>1\u00ba Sub-8, Trofeo<br>Todos los Sub-12, Medallas<\/p>\n\n\n\n<p><strong>ABIERTO SUB-1600<br><\/strong><em>Elo FIDE inferior&nbsp;a 1.600<\/em><\/p>\n\n\n\n<p>Clasificaci\u00f3n General<br><strong> Campe\u00f3n, 150 \u20ac y Trofeo<\/strong><br><strong> Subcampe\u00f3n, 120 \u20ac y Trofeo<\/strong><br><strong> 3\u00ba, 100&nbsp;\u20ac y Trofeo<\/strong><br>4\u00ba, 80&nbsp;\u20ac<br>5\u00ba, 70&nbsp;\u20ac<br>6\u00ba, 60&nbsp;\u20ac<\/p>\n\n\n\n<p>Especiales<br>1\u00ba Sub-1500 FIDE, 50 \u20ac<br>1\u00ba Sub-1400 FIDE, 50 \u20ac<\/p>\n\n\n\n<p>1\u00ba Femenina, Trofeo<br>1\u00ba Veterano, Trofeo<br>1\u00ba Sub-12, Trofeo<br>1\u00ba Sub-10, Trofeo<br>1\u00ba Sub-8, Trofeo<br>Todos los Sub-12, Medallas<\/p>\n\n\n\n<p><strong>ABIERTO NOCTURNO REL\u00c1MPAGO<\/strong><\/p>\n\n\n\n<p><strong>Campe\u00f3n, 50 \u20ac y Trofeo<\/strong><br><strong>Subcampe\u00f3n, 40 \u20ac y Trofeo<\/strong><br><strong>3\u00ba, 30&nbsp;\u20ac y Trofeo<\/strong><br>4\u00ba, 20&nbsp;\u20ac<br>5\u00ba, 10&nbsp;\u20ac<\/p>\n\n\n\n<p>INFORMACI\u00d3N SOBRE LOS PREMIOS<\/p>\n\n\n\n<ul><li>Los premios no son acumulables.<\/li><li>Se entregar\u00e1n por rigurosa clasificaci\u00f3n general, no siendo compartidos a igualdad de puntos. Siempre se optar\u00e1 al premio de mayor importe, y en caso de igual valor o premio no econ\u00f3mico, se asignar\u00e1 el premio en el orden mostrado en esta p\u00e1gina.<\/li><li>Los premios por categor\u00edas: <ul><li>Veteranos (+50): Nacidos en 1974 y anteriores.<\/li><li>Sub-12: Nacidos en 2012 y posteriores.<\/li><li>Sub-10: Nacidos en 2014 y posteriores.<\/li><li>Sub-08: Nacidos en 2016 y posteriores.<\/li><li>Tramos de Elo: seg\u00fan Elo FIDE standard. <\/li><\/ul><\/li><li>Para cobrar el premio habr\u00e1 que mostrar DNI y firmar el recibo correspondiente de recogida del premio.<\/li><\/ul>\n\n\n\n<hr class=\"wp-block-separator has-alpha-channel-opacity\"\/>\n\n\n<div class=\"wp-block-image\">\n<figure class=\"aligncenter size-full\"><img loading=\"lazy\" width=\"698\" height=\"466\" src=\"http:\/\/www.ajedrezreverte.com\/rm\/wp-content\/uploads\/2023\/07\/hotel23.jpg\" alt=\"\" class=\"wp-image-460\" srcset=\"http:\/\/www.ajedrezreverte.com\/rm\/wp-content\/uploads\/2023\/07\/hotel23.jpg 698w, http:\/\/www.ajedrezreverte.com\/rm\/wp-content\/uploads\/2023\/07\/hotel23-300x200.jpg 300w\" sizes=\"(max-width: 698px) 100vw, 698px\" \/><figcaption>Hotel<\/figcaption><\/figure><\/div>\n\n\n<h2><strong>Rules<\/strong><\/h2>\n\n\n\n<p>ORGANIZATION AND&nbsp;VENUE<\/p>\n\n\n\n<p>Organizer: <a href=\"http:\/\/ajedrezreverte.com\/\">Revert\u00e9 Minerals Chess Club<\/a>.<br>Venue: <a rel=\"noopener\" href=\"https:\/\/www.cabogatajardin.com\/\" target=\"_blank\">Hotel Cabogata Jard\u00edn****<\/a>.<br>Sponsors: Patronato Municipal de Deportes de Almer\u00eda, S.A. Revert\u00e9 Productos Minerales.<\/p>\n\n\n\n<p>Date: Almer\u00eda, September 27-29, 2024<\/p>\n\n\n\n<p><strong>OPEN UNDER 2400<\/strong><\/p>\n\n\n\n<ul><li>Swiss system,&nbsp;7&nbsp;rounds.<\/li><li>Time control: 60\u2019+ 30\u201d: 60 minutes per player and 30 extra seconds for each own move.<\/li><li>Initial ranking: ordered by Elo FIDE. For players that do not have Elo FIDE, order will be respectively set by Elo FEDA and alphabetically.<\/li><li>Valid for rating&nbsp;FIDE and FADA.<\/li><li>All players with FIDE rating lower than 2,400 in the last published FIDE rating list can play.<\/li><li>A maximum delay of 30 minutes on the start of each round is allowed.<\/li><li>One player can ask a maximum of 2 byes scored with 0.5 points in the first 4 rounds, when requested in the registration form (at least one day before) or to the arbiter. The player must receive confirmation.<\/li><li>Tie breaks: 1) Buchholz Cut 1; 2) Buchholz; 3) Sonneborn-Berger; 4) Direct encounter; 5) The greater number of wins.<\/li><li>Date and Time: See details in Spanish version above.<\/li><\/ul>\n\n\n\n<p><strong>OPEN UNDER 1600<\/strong><\/p>\n\n\n\n<ul><li>Swiss system, 7 rounds.<\/li><li>Time control: 25\u2019+ 30\u201d: 25 minutes per player and 30 extra seconds for each own move.<\/li><li>Initial ranking: ordered by Elo FIDE. For players that do not have Elo FIDE, order will be respectively set by Elo FADA and alphabetically.<\/li><li>Valid for rating&nbsp;FIDE and FADA.<\/li><li>All players with FIDE rating lower than 1,600 in the last published FIDE rating list can play.<\/li><li>A maximum delay of 25 minutes on the start of each round is allowed.<\/li><li>One player can ask a maximum of 2 byes scored with 0.5 points in the first 4 rounds, when requested in the registration form (at least one day before) or to the arbiter. The player must receive confirmation.<\/li><li>Tie breaks: 1) Buchholz Cut 1; 2) Buchholz; 3) Sonneborn-Berger; 4) Direct encounter; 5) The greater number of wins.<\/li><li>Date and Time: See details in Spanish version above.<\/li><\/ul>\n\n\n\n<p>DISQUALIFICATION<\/p>\n\n\n\n<p>The absence of a player a round cause disqualification.<\/p>\n\n\n\n<p>RULES AND LAWS OF CHESS<\/p>\n\n\n\n<ul><li>FIDE Laws of Chess and the rules of this page will be applied.<\/li><li>Open Sub2400 and Open Sub1600: An Appeals Committee is going to be composed of for the whole Festival: one member of the organization with a casting vote, and 3 players with an arbiter title or alternatively the first players from the initial ranking from different chess clubs. There will be three reserves&nbsp;to cover any absence in the game room or the direct involvement of a member or any conflict of interest. A decision by the Arbiter&nbsp;on the game may be appealed to the Appeals Committee, by a formal written letter and a payment of 80\u20ac (to be refunded if the claimant is right), within 10&nbsp;minutes after the end of the game.<\/li><\/ul>\n\n\n\n<p>OTHER CONSIDERATIONS<\/p>\n\n\n\n<p>By registering, participants:<\/p>\n\n\n\n<ul><li>accept these rules and any changes -except lowering&nbsp;the prizes- done by&nbsp;the organization (i.e., the organization reserves the right to change these rules),<\/li><li>authorize the use and disclosure of personal data (e.g., lists of results, participants, standings, games, photos \u2026) in various media, social networks, and internet.<\/li><li>subscribe to <a href=\"http:\/\/www.ajedrezreverte.com\/web\/?q=node\/762\">the mailing list of the chess club<\/a>.<\/li><\/ul>\n\n\n\n<h2>Registration and Venue<\/h2>\n\n\n\n<p>The chess festival will be played at the Hotel Cabogata Jard\u00edn****<\/p>\n\n\n\n<p>Address: Avda Games of Casablanca s\/n, 04131 El Toyo. Almeria<\/p>\n\n\n\n<p>To register you need to:<\/p>\n\n\n\n<ol><li>Make a bank transfer to the bank account of the Chess Club Revert\u00e9 2103 5060 17 0030001958 (<a href=\"http:\/\/mapas.unicaja.es\/\">Unicaja Banco, S.A.<\/a>). For international transfers, IBAN: ES79 2103 5060 17 0030001958. BIC\/SWIFT: UCJAES2MXXX. <strong>The concept has to contain the full name of the player.<\/strong><\/li><li>Fill the <a rel=\"noreferrer noopener\" href=\"https:\/\/forms.gle\/t8b3eLqzHQwdZKLe9\" target=\"_blank\">registration form<\/a>. Alternatively, contact us by e-mail almeriaajedrezreverte.com or Whatsapp (+34) 616 41 43 30. <\/li><li>In case of hotel reservation: fill this <a href=\"https:\/\/forms.gle\/U6UXjsRR4aZ5gH1JA\" target=\"_blank\" rel=\"noreferrer noopener\">form per each room booked<\/a>.<\/li><\/ol>\n\n\n\n<figure class=\"wp-block-image size-full\"><img loading=\"lazy\" width=\"957\" height=\"686\" src=\"http:\/\/www.ajedrezreverte.com\/rm\/wp-content\/uploads\/2024\/06\/registration24_es-1.jpg\" alt=\"\" class=\"wp-image-490\" srcset=\"http:\/\/www.ajedrezreverte.com\/rm\/wp-content\/uploads\/2024\/06\/registration24_es-1.jpg 957w, http:\/\/www.ajedrezreverte.com\/rm\/wp-content\/uploads\/2024\/06\/registration24_es-1-300x215.jpg 300w, http:\/\/www.ajedrezreverte.com\/rm\/wp-content\/uploads\/2024\/06\/registration24_es-1-768x551.jpg 768w\" sizes=\"(max-width: 957px) 100vw, 957px\" \/><figcaption>Registration fees<\/figcaption><\/figure>\n\n\n\n<p>*IMPORTANT: Staying at the hotel through the club, only by making a bank transfer before September 12 (after this date, we cannot guarantee the prices indicated above).  <\/p>\n\n\n\n<h2>Prizes<\/h2>\n\n\n\n<p><strong>OPEN UNDER 2400<br><\/strong><em>Open to all players with FIDE license, and FIDE rating lower than 2,400<\/em><\/p>\n\n\n\n<p>General<br><strong>Champion, 300 \u20ac and Trophy<\/strong><br><strong>2<sup>nd<\/sup>, 200 \u20ac and Trophy<\/strong><br><strong>3<sup>rd<\/sup>, 100 \u20ac and Trophy<\/strong><br>4<sup>th<\/sup>, 80&nbsp;\u20ac<br>5<sup>th<\/sup>, 70&nbsp;\u20ac<br>6<sup>th<\/sup>, 60&nbsp;\u20ac<\/p>\n\n\n\n<p>Others prizes<br>1st&nbsp;Under 2200&nbsp;rating FIDE, 50 \u20ac<br>1st&nbsp;Under 2000&nbsp;rating FIDE, 50 \u20ac<br>1st Under 1800 rating FIDE, 50 \u20ac<br><br>1\u00ba Female, Trophy<br>1\u00ba Veteran, Trophy<br>1\u00ba U12, Trophy<br>1\u00ba U10, Trophy<br>1\u00ba U8, Trophy<br>All U12,&nbsp;Medel<\/p>\n\n\n\n<p><strong>OPEN UNDER 1600<br><\/strong><em>Open to all players with FIDE license, and FIDE rating lower than 1,600<\/em><\/p>\n\n\n\n<p>General<br><strong>Champion, 150 \u20ac and Trophy<\/strong><br><strong>2<sup>nd<\/sup>, 120 \u20ac and Trophy<\/strong><br><strong>3<sup>rd<\/sup>, 100 \u20ac and Trophy<\/strong><br>4<sup>th<\/sup>, 80&nbsp;\u20ac<br>5<sup>th<\/sup>, 70&nbsp;\u20ac<br>6<sup>th<\/sup>, 60&nbsp;\u20ac<\/p>\n\n\n\n<p>Others prizes<br>1st&nbsp;Under 1500&nbsp;rating FIDE, 50 \u20ac<br>1st Under 1400 rating FIDE, 50 \u20ac<br><br>1\u00ba Female, Trophy<br>1\u00ba Veteran, Trophy<br>1\u00ba U12, Trophy<br>1\u00ba U10, Trophy<br>1\u00ba U8, Trophy<br>All U12,&nbsp;Medel<\/p>\n\n\n\n<p>INFORMATION ABOUT THE PRIZES<\/p>\n\n\n\n<ul><li>The prizes are not cumulative.<\/li><li>They will be delivered by rigorous classification, not being shared in case of equal points.<\/li><li>Categories: <ul><li>Veteran (+50): Born in 1974 or&nbsp;earlier.<\/li><li>U12: Born in 2012 and later.<\/li><li>U10: Born in 2014 and later.<\/li><li>U08: Born in 2016 and later.<\/li><li>Elo prizes: according to FIDE rating standard <\/li><\/ul><\/li><li>To collect the prize, it is necessary to&nbsp;show ID card or passport, and sign a receipt.<\/li><\/ul>\n\n\n<div class=\"wp-block-image\">\n<figure class=\"aligncenter size-large\"><img loading=\"lazy\" width=\"724\" height=\"1024\" src=\"http:\/\/www.ajedrezreverte.com\/rm\/wp-content\/uploads\/2024\/06\/Cartel24-724x1024.jpg\" alt=\"\" class=\"wp-image-491\" srcset=\"http:\/\/www.ajedrezreverte.com\/rm\/wp-content\/uploads\/2024\/06\/Cartel24-724x1024.jpg 724w, http:\/\/www.ajedrezreverte.com\/rm\/wp-content\/uploads\/2024\/06\/Cartel24-212x300.jpg 212w, http:\/\/www.ajedrezreverte.com\/rm\/wp-content\/uploads\/2024\/06\/Cartel24-768x1086.jpg 768w, http:\/\/www.ajedrezreverte.com\/rm\/wp-content\/uploads\/2024\/06\/Cartel24-1086x1536.jpg 1086w, http:\/\/www.ajedrezreverte.com\/rm\/wp-content\/uploads\/2024\/06\/Cartel24.jpg 1131w\" sizes=\"(max-width: 724px) 100vw, 724px\" \/><figcaption>Cartel<\/figcaption><\/figure><\/div>","protected":false},"excerpt":{"rendered":"<p>Resultados\/Results: Info64. Sub2400 Info64. Sub1600 Info64. Blitz Almer\u00eda, del 27 al 29 de septiembre de 2024 Bases ORGANIZACI\u00d3N Y LUGAR DE JUEGO Organiza: Club de Ajedrez Revert\u00e9 Minerals. Lugar de Juego: Hotel Cabogata Jard\u00edn**** Colabora: Patronato Municipal de Deportes, S.A. Revert\u00e9 Productos Minerales. ABIERTO SUB-2400: Abierto a todos los jugadores con licencia FIDE y Elo <a class=\"more-link\" href=\"http:\/\/www.ajedrezreverte.com\/rm\/festival-internacional-juan-martinez-sola-2024\/\">Leer M\u00e1s &#8230;<\/a><\/p>\n","protected":false},"author":1,"featured_media":0,"parent":0,"menu_order":0,"comment_status":"closed","ping_status":"closed","template":"","meta":{"_monsterinsights_skip_tracking":false,"_monsterinsights_sitenote_active":false,"_monsterinsights_sitenote_note":"","_monsterinsights_sitenote_category":0,"_links_to":"","_links_to_target":""},"_links":{"self":[{"href":"http:\/\/www.ajedrezreverte.com\/rm\/wp-json\/wp\/v2\/pages\/468"}],"collection":[{"href":"http:\/\/www.ajedrezreverte.com\/rm\/wp-json\/wp\/v2\/pages"}],"about":[{"href":"http:\/\/www.ajedrezreverte.com\/rm\/wp-json\/wp\/v2\/types\/page"}],"author":[{"embeddable":true,"href":"http:\/\/www.ajedrezreverte.com\/rm\/wp-json\/wp\/v2\/users\/1"}],"replies":[{"embeddable":true,"href":"http:\/\/www.ajedrezreverte.com\/rm\/wp-json\/wp\/v2\/comments?post=468"}],"version-history":[{"count":20,"href":"http:\/\/www.ajedrezreverte.com\/rm\/wp-json\/wp\/v2\/pages\/468\/revisions"}],"predecessor-version":[{"id":516,"href":"http:\/\/www.ajedrezreverte.com\/rm\/wp-json\/wp\/v2\/pages\/468\/revisions\/516"}],"wp:attachment":[{"href":"http:\/\/www.ajedrezreverte.com\/rm\/wp-json\/wp\/v2\/media?parent=468"}],"curies":[{"name":"wp","href":"https:\/\/api.w.org\/{rel}","templated":true}]}}