{"id":56,"date":"2017-08-23T08:03:38","date_gmt":"2017-08-23T08:03:38","guid":{"rendered":"http:\/\/www.ajedrezreverte.com\/rm\/?page_id=56"},"modified":"2025-07-27T10:36:50","modified_gmt":"2025-07-27T10:36:50","slug":"contacto","status":"publish","type":"page","link":"https:\/\/www.ajedrezreverte.com\/rm\/contacto\/","title":{"rendered":"Contacto"},"content":{"rendered":"<p><strong>Junta Directiva<\/strong><\/p>\n<p><em><strong>Presidencia de Honor:<\/strong>\u00a0Josep Revert\u00e9 Vidal<\/em><\/p>\n<p><strong>Presidente:<\/strong>\u00a0Jos\u00e9 Juan Rubio Tapia |\u00a0616414330\u00a0 | <a href=\"mailto:almanzor1@hotmail.com\">almanzor1@hotmail.com<\/a><br \/>\n<strong>Vicepresidente:<\/strong>\u00a0Silverio Mart\u00ednez<br \/>\n<strong>Secretario:<\/strong>\u00a0Francisco Galindo | 640 14 34 11<br \/>\n<strong>Tesorero:<\/strong>\u00a0Antonio Rubio |\u00a0606 31 91 09<\/p>\n<p><strong>Datos generales<\/strong><\/p>\n<p><strong>Web oficial:<\/strong> <a href=\"http:\/\/ajedrezreverte.com\/\">www.ajedrezreverte.com<\/a><br \/>\n<strong>Tel\u00e9fonos:<\/strong> 616414330 &#8211; 950444387<br \/>\n<strong>A\u00f1o de Fundaci\u00f3n:<\/strong> 1999<br \/>\n<strong>Sedes:\u00a0<\/strong>IES Albor\u00e1n (Almer\u00eda)<\/p>\n","protected":false},"excerpt":{"rendered":"<p>Junta Directiva Presidencia de Honor:\u00a0Josep Revert\u00e9 Vidal Presidente:\u00a0Jos\u00e9 Juan Rubio Tapia |\u00a0616414330\u00a0 | almanzor1@hotmail.com Vicepresidente:\u00a0Silverio Mart\u00ednez Secretario:\u00a0Francisco Galindo | 640 14 34 11 Tesorero:\u00a0Antonio Rubio |\u00a0606 31 91 09 Datos generales Web oficial: www.ajedrezreverte.com Tel\u00e9fonos: 616414330 &#8211; 950444387 A\u00f1o de Fundaci\u00f3n: 1999 Sedes:\u00a0IES Albor\u00e1n (Almer\u00eda)<\/p>\n","protected":false},"author":1,"featured_media":0,"parent":0,"menu_order":0,"comment_status":"closed","ping_status":"closed","template":"","meta":{"_monsterinsights_skip_tracking":false,"_monsterinsights_sitenote_active":false,"_monsterinsights_sitenote_note":"","_monsterinsights_sitenote_category":0,"_links_to":"","_links_to_target":""},"_links":{"self":[{"href":"https:\/\/www.ajedrezreverte.com\/rm\/wp-json\/wp\/v2\/pages\/56"}],"collection":[{"href":"https:\/\/www.ajedrezreverte.com\/rm\/wp-json\/wp\/v2\/pages"}],"about":[{"href":"https:\/\/www.ajedrezreverte.com\/rm\/wp-json\/wp\/v2\/types\/page"}],"author":[{"embeddable":true,"href":"https:\/\/www.ajedrezreverte.com\/rm\/wp-json\/wp\/v2\/users\/1"}],"replies":[{"embeddable":true,"href":"https:\/\/www.ajedrezreverte.com\/rm\/wp-json\/wp\/v2\/comments?post=56"}],"version-history":[{"count":2,"href":"https:\/\/www.ajedrezreverte.com\/rm\/wp-json\/wp\/v2\/pages\/56\/revisions"}],"predecessor-version":[{"id":543,"href":"https:\/\/www.ajedrezreverte.com\/rm\/wp-json\/wp\/v2\/pages\/56\/revisions\/543"}],"wp:attachment":[{"href":"https:\/\/www.ajedrezreverte.com\/rm\/wp-json\/wp\/v2\/media?parent=56"}],"curies":[{"name":"wp","href":"https:\/\/api.w.org\/{rel}","templated":true}]}}